{"id":127,"date":"2017-12-06T14:43:06","date_gmt":"2017-12-06T13:43:06","guid":{"rendered":"https:\/\/wahrnehmungsfoerderung.de\/sprachtherapie-ehrenfeld\/?page_id=127"},"modified":"2018-04-05T10:02:08","modified_gmt":"2018-04-05T08:02:08","slug":"anfahrt","status":"publish","type":"page","link":"https:\/\/sprachtherapie-koeln.de\/ehrenfeld\/anfahrt\/","title":{"rendered":"Anfahrt"},"content":{"rendered":"<h1>Ihr Weg zu&nbsp;uns<\/h1>\n<h4>Mit \u00f6ffentlichen Verkehrsmitteln:<\/h4>\n<p>Mit den U\u2011Bahn-Linien 3 und 4, Haltestelle K\u00f6rnerstra\u00dfe erreichen Sie das F\u00f6rderinstitut fu\u00dfl\u00e4ufig in 5 Minuten. Sie \u00fcberqueren den Neptunplatz und biegen am Ende links auf die Vogelsanger Stra\u00dfe ab. Dort befindet sich die Hausnummer 106\u2013108 links.<br>\nVon der Buslinie 142, Haltestelle Geisselstra\u00dfe kommend folgen Sie der Geisselstra\u00dfe bis zur Vogelsanger Stra\u00dfe. Dort biegen Sie links ab und finden das F\u00f6rderinstitut dann auf der rechten Seite im Erdgeschoss.<\/p>\n<h4>Mit dem&nbsp;Auto:<\/h4>\n<p>Von der A 57 kommend nehmen Sie die Ausfahrt Ehrenfeld und biegen rechts auf den Parkg\u00fcrtel ab. Der Stra\u00dfe folgend, \u00fcberqueren Sie zwei gro\u00dfe Querstra\u00dfen (Subbelrather Stra\u00dfe und Venloer Stra\u00dfe) und biegen anschlie\u00dfend links in die Vogelsanger Stra\u00dfe ab. Die Hausnummer 106\u2013108 befindet sich nach ca. 400m auf der linken Seite. Parkm\u00f6glichkeiten befinden sich auch im Parkhaus Neptunplatz.<\/p>\n<p>&nbsp;<\/p>\n\n","protected":false},"excerpt":{"rendered":"<p>Ihr Weg zu&nbsp;uns Mit \u00f6ffentlichen Verkehrsmitteln: Mit den U\u2011Bahn-Linien 3 und 4, Haltestelle K\u00f6rnerstra\u00dfe erreichen Sie das F\u00f6rderinstitut fu\u00dfl\u00e4ufig in 5 Minuten. Sie \u00fcberqueren den Neptunplatz und biegen am Ende links auf die Vogelsanger Stra\u00dfe ab. Dort befindet sich&nbsp;die<\/p>\n","protected":false},"author":1,"featured_media":0,"parent":0,"menu_order":0,"comment_status":"closed","ping_status":"closed","template":"","meta":{"wp_typography_post_enhancements_disabled":false,"footnotes":""},"tags":[],"class_list":["post-127","page","type-page","status-publish","hentry"],"_links":{"self":[{"href":"https:\/\/sprachtherapie-koeln.de\/ehrenfeld\/wp-json\/wp\/v2\/pages\/127","targetHints":{"allow":["GET"]}}],"collection":[{"href":"https:\/\/sprachtherapie-koeln.de\/ehrenfeld\/wp-json\/wp\/v2\/pages"}],"about":[{"href":"https:\/\/sprachtherapie-koeln.de\/ehrenfeld\/wp-json\/wp\/v2\/types\/page"}],"author":[{"embeddable":true,"href":"https:\/\/sprachtherapie-koeln.de\/ehrenfeld\/wp-json\/wp\/v2\/users\/1"}],"replies":[{"embeddable":true,"href":"https:\/\/sprachtherapie-koeln.de\/ehrenfeld\/wp-json\/wp\/v2\/comments?post=127"}],"version-history":[{"count":1,"href":"https:\/\/sprachtherapie-koeln.de\/ehrenfeld\/wp-json\/wp\/v2\/pages\/127\/revisions"}],"predecessor-version":[{"id":128,"href":"https:\/\/sprachtherapie-koeln.de\/ehrenfeld\/wp-json\/wp\/v2\/pages\/127\/revisions\/128"}],"wp:attachment":[{"href":"https:\/\/sprachtherapie-koeln.de\/ehrenfeld\/wp-json\/wp\/v2\/media?parent=127"}],"wp:term":[{"taxonomy":"post_tag","embeddable":true,"href":"https:\/\/sprachtherapie-koeln.de\/ehrenfeld\/wp-json\/wp\/v2\/tags?post=127"}],"curies":[{"name":"wp","href":"https:\/\/api.w.org\/{rel}","templated":true}]}}