{"id":138,"date":"2017-12-07T09:43:02","date_gmt":"2017-12-07T08:43:02","guid":{"rendered":"https:\/\/wahrnehmungsfoerderung.de\/sprachtherapie-ehrenfeld\/?page_id=138"},"modified":"2025-04-30T11:36:19","modified_gmt":"2025-04-30T09:36:19","slug":"kooperationen","status":"publish","type":"page","link":"https:\/\/sprachtherapie-koeln.de\/ehrenfeld\/kooperationen\/","title":{"rendered":"Kooperationen"},"content":{"rendered":"<p>Bei Er\u00f6ffnung der Praxis 2005 waren bereits Praxen anderer Disziplinen im Haus, so dass die Grundlage f\u00fcr eine interdisziplin\u00e4re Zusammenarbeit vorhanden ist.<br>\nSo sind folgende weitere Praxen erreichbar:<\/p>\n<ul>\n<li><a href=\"https:\/\/www.praxis-langner.de\/\" target=\"_blank\" rel=\"noopener\">Praxis f\u00fcr Kinder- und Jugendpsychiatrie G. Langner<\/a><\/li>\n<li><a href=\"http:\/\/psychotherapie-kiehl-hoetzel.de\/\" target=\"_blank\" rel=\"noopener\">Praxis f\u00fcr Kinder- und Jugendlichenpsychotherapie H\u00f6tzel und&nbsp;Kiehl<\/a><\/li>\n<li>Praxen f\u00fcr Psychologische Psychotherapie von Erwachsenen<\/li>\n<\/ul>\n<p>Mit diesen Praxen besteht eine enge Kooperation, innerhalb derer auch ein Qualit\u00e4tszirkel gegr\u00fcndet wurde. Die M\u00f6glichkeit einer interdisziplin\u00e4ren Zusammenarbeit ist so leichter umsetzbar.<\/p>\n<p>Weitere Kooperationspartner:<\/p>\n<ul>\n<li><a href=\"https:\/\/foerderinstitut-koeln.de\/\" target=\"_blank\" rel=\"noopener\">F\u00f6rderinstitut ProLog <span class=\"caps\">WISSEN<\/span><\/a><\/li>\n<li><a href=\"https:\/\/sprachtherapie-koeln.de\/hoehenberg\/\" target=\"_blank\" rel=\"noopener\">Praxis f\u00fcr Sprachtherapie Dr. Uwe&nbsp;Ender<\/a><\/li>\n<li>St\u00e4dt. Kindertagesst\u00e4tten und Familienzentrum Marienstra\u00dfe 108\u2013114, K\u00f6ln<\/li>\n<li>St\u00e4dt. Kindertagesst\u00e4tten und Familienzentrum Gutenbergstra\u00dfe, K\u00f6ln<\/li>\n<li><a href=\"https:\/\/www.astrid-lindgren-schule-koeln.de\/wordpress\/\">Astrid Lindgren Schule K\u00f6ln \u2013 unser lernzuhause<\/a><\/li>\n<li><a href=\"https:\/\/www.michael-ende-grundschule-koeln.de\/\">Michael Ende Grundschule<\/a><\/li>\n<li><a href=\"https:\/\/www.prolog-shop.de\/\" target=\"_blank\" rel=\"noopener\">ProLog <span class=\"caps\">WISSEN<\/span> GmbH, Seminare f\u00fcr Sprachtherapeuten<\/a><\/li>\n<li><a href=\"https:\/\/www.kolkrabenweg.de\/\">Kolkrabenweg \u2013 F\u00f6rderschule mit dem F\u00f6rderschwerpunkt: Geistige Entwicklung<\/a><\/li>\n<\/ul>\n<p>\u00dcber diese intensiven Kooperationen hinaus, arbeiten wir mit vielen niedergelassenen \u00c4rzten (Haus\u00e4rzten, Kinder\u00e4rzten, HNO-\u00c4rzten, Neurologen etc.) zusammen.<\/p>\n","protected":false},"excerpt":{"rendered":"<p>Bei Er\u00f6ffnung der Praxis 2005 waren bereits Praxen anderer Disziplinen im Haus, so dass die Grundlage f\u00fcr eine interdisziplin\u00e4re Zusammenarbeit vorhanden ist. So sind folgende weitere Praxen erreichbar: Praxis f\u00fcr Kinder- und Jugendpsychiatrie G. Langner Praxis f\u00fcr Kinder- und Jugendlichenpsychotherapie<\/p>\n","protected":false},"author":1,"featured_media":0,"parent":0,"menu_order":0,"comment_status":"closed","ping_status":"closed","template":"","meta":{"wp_typography_post_enhancements_disabled":false,"footnotes":""},"tags":[],"class_list":["post-138","page","type-page","status-publish","hentry"],"_links":{"self":[{"href":"https:\/\/sprachtherapie-koeln.de\/ehrenfeld\/wp-json\/wp\/v2\/pages\/138","targetHints":{"allow":["GET"]}}],"collection":[{"href":"https:\/\/sprachtherapie-koeln.de\/ehrenfeld\/wp-json\/wp\/v2\/pages"}],"about":[{"href":"https:\/\/sprachtherapie-koeln.de\/ehrenfeld\/wp-json\/wp\/v2\/types\/page"}],"author":[{"embeddable":true,"href":"https:\/\/sprachtherapie-koeln.de\/ehrenfeld\/wp-json\/wp\/v2\/users\/1"}],"replies":[{"embeddable":true,"href":"https:\/\/sprachtherapie-koeln.de\/ehrenfeld\/wp-json\/wp\/v2\/comments?post=138"}],"version-history":[{"count":11,"href":"https:\/\/sprachtherapie-koeln.de\/ehrenfeld\/wp-json\/wp\/v2\/pages\/138\/revisions"}],"predecessor-version":[{"id":623,"href":"https:\/\/sprachtherapie-koeln.de\/ehrenfeld\/wp-json\/wp\/v2\/pages\/138\/revisions\/623"}],"wp:attachment":[{"href":"https:\/\/sprachtherapie-koeln.de\/ehrenfeld\/wp-json\/wp\/v2\/media?parent=138"}],"wp:term":[{"taxonomy":"post_tag","embeddable":true,"href":"https:\/\/sprachtherapie-koeln.de\/ehrenfeld\/wp-json\/wp\/v2\/tags?post=138"}],"curies":[{"name":"wp","href":"https:\/\/api.w.org\/{rel}","templated":true}]}}