{"id":284,"date":"2018-02-09T10:47:37","date_gmt":"2018-02-09T09:47:37","guid":{"rendered":"https:\/\/wahrnehmungsfoerderung.de\/sprachtherapie-ehrenfeld\/?page_id=284"},"modified":"2018-02-09T10:48:58","modified_gmt":"2018-02-09T09:48:58","slug":"redeflussstoerungen-stotternpoltern","status":"publish","type":"page","link":"https:\/\/sprachtherapie-koeln.de\/ehrenfeld\/therapie-fuer-kinder-und-jugendliche\/redeflussstoerungen-stotternpoltern\/","title":{"rendered":"Redeflussst\u00f6rungen (Stottern\/Poltern) bei Kindern und Jugendlichen"},"content":{"rendered":"<h4>Stottern<\/h4>\n<p>Jede lautsprachliche Kommunikation ist von der Produktion eines relativ kontinuierlichen Lautstroms durch den Sprecher abh\u00e4ngig. Beim Stottern wird dieser Redefluss durch Wiederholungen, Blockaden, Dehnungen oder Vermeidungsverhalten unterbrochen. Teilweise zeigt das Kind Mitbewegungen des Gesichts bzw. K\u00f6rpers. Die Tatsache, dass eine derart abweichende Redeweise jedem Zuh\u00f6rer auff\u00e4llt, kann zu gro\u00dfen \u00c4ngsten f\u00fchren. Im Extremfall vermeidet der Stotternde sogar Sprechanl\u00e4sse.<\/p>\n<p>Das sog. Entwicklungsstottern muss vom gefestigten Stottern unterschieden werden, denn es tritt zwischen dem zweiten und f\u00fcnften Lebensjahr auf und bildet sich meist wieder zur\u00fcck.<br>\nDie Sprachtherapie hilft den Kindern beim Erlernen einer weichen, ruhigen Sprechweise, gekoppelt mit Selbstwahrnehmungs- und Entspannungs\u00fcbungen zum Aufbau eines positiveren Selbstbildes.<br>\nUm die Eltern bei \u00c4ngsten und Schuldgef\u00fchlen zu entlasten, empfehlen wir, v.a. beim Entwicklungsstottern, eine Elternberatung.<\/p>\n<p>&nbsp;<\/p>\n<h4>Poltern<\/h4>\n<p>Das Poltern ist eine Sprechrhythmusst\u00f6rung, die sich durch einen hastig-\u00fcbereilten Sprechablauf, auff\u00e4llige Verschiebungen bei der Betonung und ein sehr schnelles Sprechtempo auszeichnet, so dass einzelne Silben und W\u00f6rter \u201everschluckt\u201c werden und S\u00e4tze oft neu angesetzt werden. Es handelt sich beim Poltern um eine schon im Sprechplanungsstadium ansetzende Problematik. Die Kommunikation mit einem polternden Menschen f\u00fchrt sein Gegen\u00fcber oft zu Nachfragen, da der Informationstransfer nur bruchst\u00fcckhaft stattfindet und die kommunikative Absicht des Sprechers nur schlecht realisiert wird.<br>\nIn unseren Therapien wird ein Wahrnehmungstraining angeboten, mit dem der Patient in der Lage ist, sein Sprechverhalten selbst zu kontrollieren, zu schnelle Phasen zu identifizieren und so letztlich im Alltag langsamer zu sprechen.<\/p>\n","protected":false},"excerpt":{"rendered":"<p>Stottern Jede lautsprachliche Kommunikation ist von der Produktion eines relativ kontinuierlichen Lautstroms durch den Sprecher abh\u00e4ngig. Beim Stottern wird dieser Redefluss durch Wiederholungen, Blockaden, Dehnungen oder Vermeidungsverhalten unterbrochen. Teilweise zeigt das Kind Mitbewegungen des Gesichts bzw. K\u00f6rpers. Die Tatsache, dass<\/p>\n","protected":false},"author":1,"featured_media":0,"parent":44,"menu_order":0,"comment_status":"closed","ping_status":"closed","template":"","meta":{"wp_typography_post_enhancements_disabled":false,"footnotes":""},"tags":[],"class_list":["post-284","page","type-page","status-publish","hentry"],"_links":{"self":[{"href":"https:\/\/sprachtherapie-koeln.de\/ehrenfeld\/wp-json\/wp\/v2\/pages\/284","targetHints":{"allow":["GET"]}}],"collection":[{"href":"https:\/\/sprachtherapie-koeln.de\/ehrenfeld\/wp-json\/wp\/v2\/pages"}],"about":[{"href":"https:\/\/sprachtherapie-koeln.de\/ehrenfeld\/wp-json\/wp\/v2\/types\/page"}],"author":[{"embeddable":true,"href":"https:\/\/sprachtherapie-koeln.de\/ehrenfeld\/wp-json\/wp\/v2\/users\/1"}],"replies":[{"embeddable":true,"href":"https:\/\/sprachtherapie-koeln.de\/ehrenfeld\/wp-json\/wp\/v2\/comments?post=284"}],"version-history":[{"count":3,"href":"https:\/\/sprachtherapie-koeln.de\/ehrenfeld\/wp-json\/wp\/v2\/pages\/284\/revisions"}],"predecessor-version":[{"id":287,"href":"https:\/\/sprachtherapie-koeln.de\/ehrenfeld\/wp-json\/wp\/v2\/pages\/284\/revisions\/287"}],"up":[{"embeddable":true,"href":"https:\/\/sprachtherapie-koeln.de\/ehrenfeld\/wp-json\/wp\/v2\/pages\/44"}],"wp:attachment":[{"href":"https:\/\/sprachtherapie-koeln.de\/ehrenfeld\/wp-json\/wp\/v2\/media?parent=284"}],"wp:term":[{"taxonomy":"post_tag","embeddable":true,"href":"https:\/\/sprachtherapie-koeln.de\/ehrenfeld\/wp-json\/wp\/v2\/tags?post=284"}],"curies":[{"name":"wp","href":"https:\/\/api.w.org\/{rel}","templated":true}]}}