{"id":289,"date":"2018-02-09T10:51:41","date_gmt":"2018-02-09T09:51:41","guid":{"rendered":"https:\/\/wahrnehmungsfoerderung.de\/sprachtherapie-ehrenfeld\/?page_id=289"},"modified":"2018-02-09T10:58:12","modified_gmt":"2018-02-09T09:58:12","slug":"myofunktionelle-therapie-mft-z-b-bei-zahnfehlstellungen-falschem-schlucken-oder-artikulationsproblemen","status":"publish","type":"page","link":"https:\/\/sprachtherapie-koeln.de\/ehrenfeld\/therapie-fuer-kinder-und-jugendliche\/myofunktionelle-therapie-mft-z-b-bei-zahnfehlstellungen-falschem-schlucken-oder-artikulationsproblemen\/","title":{"rendered":"Myofunktionelle Therapie (<span class=\"caps\">MFT<\/span>) (z.B. bei Zahnfehlstellungen, falschem Schlucken oder Artikulationsproblemen)"},"content":{"rendered":"<p>Zahn- und Kieferfehlstellungen werden kieferorthop\u00e4disch behandelt. Ihre Ursachen liegen h\u00e4ufig in Angewohnheiten wie Daumenlutschen, anatomischen Besonderheiten wie einem zu engen Kiefer oder bestimmten funktionellen Eigenschaften wie z.B. fehlender Nasenatmung oder falschen Schluckmustern.<\/p>\n<p>Der Kieferorthop\u00e4de oder Zahnarzt diagnostiziert auch die Funktionalit\u00e4t der Zunge, denn oftmals verursacht eine Fehlfunktion ein Verschieben der Z\u00e4hne. Unsere Aufgabe ist eine systematische Unterst\u00fctzung der kieferorthop\u00e4dischen Behandlung z.B. durch den Abbau der Folgen von Lutschgewohnheiten, die St\u00e4rkung der Gesichts- und Zungenmuskulatur bzw. die Etablierung spezifischer Bewegungsmuster.<\/p>\n","protected":false},"excerpt":{"rendered":"<p>Zahn- und Kieferfehlstellungen werden kieferorthop\u00e4disch behandelt. Ihre Ursachen liegen h\u00e4ufig in Angewohnheiten wie Daumenlutschen, anatomischen Besonderheiten wie einem zu engen Kiefer oder bestimmten funktionellen Eigenschaften wie z.B. fehlender Nasenatmung oder falschen Schluckmustern. Der Kieferorthop\u00e4de oder Zahnarzt diagnostiziert auch die Funktionalit\u00e4t<\/p>\n","protected":false},"author":1,"featured_media":0,"parent":44,"menu_order":0,"comment_status":"closed","ping_status":"closed","template":"","meta":{"wp_typography_post_enhancements_disabled":false,"footnotes":""},"tags":[],"class_list":["post-289","page","type-page","status-publish","hentry"],"_links":{"self":[{"href":"https:\/\/sprachtherapie-koeln.de\/ehrenfeld\/wp-json\/wp\/v2\/pages\/289","targetHints":{"allow":["GET"]}}],"collection":[{"href":"https:\/\/sprachtherapie-koeln.de\/ehrenfeld\/wp-json\/wp\/v2\/pages"}],"about":[{"href":"https:\/\/sprachtherapie-koeln.de\/ehrenfeld\/wp-json\/wp\/v2\/types\/page"}],"author":[{"embeddable":true,"href":"https:\/\/sprachtherapie-koeln.de\/ehrenfeld\/wp-json\/wp\/v2\/users\/1"}],"replies":[{"embeddable":true,"href":"https:\/\/sprachtherapie-koeln.de\/ehrenfeld\/wp-json\/wp\/v2\/comments?post=289"}],"version-history":[{"count":1,"href":"https:\/\/sprachtherapie-koeln.de\/ehrenfeld\/wp-json\/wp\/v2\/pages\/289\/revisions"}],"predecessor-version":[{"id":290,"href":"https:\/\/sprachtherapie-koeln.de\/ehrenfeld\/wp-json\/wp\/v2\/pages\/289\/revisions\/290"}],"up":[{"embeddable":true,"href":"https:\/\/sprachtherapie-koeln.de\/ehrenfeld\/wp-json\/wp\/v2\/pages\/44"}],"wp:attachment":[{"href":"https:\/\/sprachtherapie-koeln.de\/ehrenfeld\/wp-json\/wp\/v2\/media?parent=289"}],"wp:term":[{"taxonomy":"post_tag","embeddable":true,"href":"https:\/\/sprachtherapie-koeln.de\/ehrenfeld\/wp-json\/wp\/v2\/tags?post=289"}],"curies":[{"name":"wp","href":"https:\/\/api.w.org\/{rel}","templated":true}]}}