{"id":293,"date":"2018-02-09T11:00:30","date_gmt":"2018-02-09T10:00:30","guid":{"rendered":"https:\/\/wahrnehmungsfoerderung.de\/sprachtherapie-ehrenfeld\/?page_id=293"},"modified":"2018-02-09T11:00:30","modified_gmt":"2018-02-09T10:00:30","slug":"schluckstoerungen-bei-kindern","status":"publish","type":"page","link":"https:\/\/sprachtherapie-koeln.de\/ehrenfeld\/therapie-fuer-kinder-und-jugendliche\/schluckstoerungen-bei-kindern\/","title":{"rendered":"Schluckst\u00f6rungen bei Kindern"},"content":{"rendered":"<p>Fr\u00fchgeborene S\u00e4uglinge und Kinder mit Cerebralparesen, mit Entwicklungsverz\u00f6gerungen oder Syndromerkrankungen, geistigen Behinderungen (z.B. Down-Syndrom) oder Lippen-Kiefer-Gaumenspalten k\u00f6nnen Ess- oder Schluckst\u00f6rungen aufweisen. Eltern f\u00e4llt meist ein \u00fcberm\u00e4\u00dfiger Speichelfluss auf und die Tatsache, dass ihr Kind nicht richtig kaut, sich h\u00e4ufig verschluckt oder bestimmte Nahrungskonsistenzen nicht mag. Die kleinen Patienten zeigen nicht selten sog. \u201eF\u00fctterungs- oder Gedeihst\u00f6rungen\u201c. Im Extremfall ist dem Kind eine orale Nahrungs- und Fl\u00fcssigkeitsaufnahme nicht m\u00f6glich, so dass lebenserhaltend eine Magensonde gelegt werden muss. Eine solche Magensonde muss kein endg\u00fcltiger Zustand bleiben, sondern kann \u2013 je nach Einzelfall \u2014 nach einem systematischen Training der Schluckfunktion auch wieder entfernt werden.<\/p>\n<p>Unser Therapieansatz in Anlehnung an Castillo Morales bietet dem Kind Techniken an, durch die es seine Mundmuskulatur st\u00e4rkt, die Sensibilit\u00e4t im Mundraum erh\u00f6ht und zum Saugen, Kauen und\/ oder Schlucken angeregt wird. Die Eltern erhalten eine umfassende Beratung und Tipps zur Gestaltung der Essenssituation.<\/p>\n","protected":false},"excerpt":{"rendered":"<p>Fr\u00fchgeborene S\u00e4uglinge und Kinder mit Cerebralparesen, mit Entwicklungsverz\u00f6gerungen oder Syndromerkrankungen, geistigen Behinderungen (z.B. Down-Syndrom) oder Lippen-Kiefer-Gaumenspalten k\u00f6nnen Ess- oder Schluckst\u00f6rungen aufweisen. Eltern f\u00e4llt meist ein \u00fcberm\u00e4\u00dfiger Speichelfluss auf und die Tatsache, dass ihr Kind nicht richtig kaut, sich h\u00e4ufig verschluckt<\/p>\n","protected":false},"author":1,"featured_media":0,"parent":44,"menu_order":0,"comment_status":"closed","ping_status":"closed","template":"","meta":{"wp_typography_post_enhancements_disabled":false,"footnotes":""},"tags":[],"class_list":["post-293","page","type-page","status-publish","hentry"],"_links":{"self":[{"href":"https:\/\/sprachtherapie-koeln.de\/ehrenfeld\/wp-json\/wp\/v2\/pages\/293","targetHints":{"allow":["GET"]}}],"collection":[{"href":"https:\/\/sprachtherapie-koeln.de\/ehrenfeld\/wp-json\/wp\/v2\/pages"}],"about":[{"href":"https:\/\/sprachtherapie-koeln.de\/ehrenfeld\/wp-json\/wp\/v2\/types\/page"}],"author":[{"embeddable":true,"href":"https:\/\/sprachtherapie-koeln.de\/ehrenfeld\/wp-json\/wp\/v2\/users\/1"}],"replies":[{"embeddable":true,"href":"https:\/\/sprachtherapie-koeln.de\/ehrenfeld\/wp-json\/wp\/v2\/comments?post=293"}],"version-history":[{"count":1,"href":"https:\/\/sprachtherapie-koeln.de\/ehrenfeld\/wp-json\/wp\/v2\/pages\/293\/revisions"}],"predecessor-version":[{"id":294,"href":"https:\/\/sprachtherapie-koeln.de\/ehrenfeld\/wp-json\/wp\/v2\/pages\/293\/revisions\/294"}],"up":[{"embeddable":true,"href":"https:\/\/sprachtherapie-koeln.de\/ehrenfeld\/wp-json\/wp\/v2\/pages\/44"}],"wp:attachment":[{"href":"https:\/\/sprachtherapie-koeln.de\/ehrenfeld\/wp-json\/wp\/v2\/media?parent=293"}],"wp:term":[{"taxonomy":"post_tag","embeddable":true,"href":"https:\/\/sprachtherapie-koeln.de\/ehrenfeld\/wp-json\/wp\/v2\/tags?post=293"}],"curies":[{"name":"wp","href":"https:\/\/api.w.org\/{rel}","templated":true}]}}