{"id":297,"date":"2018-02-09T11:03:56","date_gmt":"2018-02-09T10:03:56","guid":{"rendered":"https:\/\/wahrnehmungsfoerderung.de\/sprachtherapie-ehrenfeld\/?page_id=297"},"modified":"2018-02-09T11:03:56","modified_gmt":"2018-02-09T10:03:56","slug":"auditive-verarbeitungsstoerungen-avs","status":"publish","type":"page","link":"https:\/\/sprachtherapie-koeln.de\/ehrenfeld\/therapie-fuer-kinder-und-jugendliche\/auditive-verarbeitungsstoerungen-avs\/","title":{"rendered":"Auditive Verarbeitungsst\u00f6rungen (<span class=\"caps\">AVS<\/span>)"},"content":{"rendered":"<p>Eine <span class=\"caps\">AVS<\/span> wird auch als&nbsp;<strong>zentrale H\u00f6rst\u00f6rung bzw. H\u00f6rverarbeitungsst\u00f6rung<\/strong>&nbsp;bezeichnet. Sie liegt vor, wenn zentrale Prozesse, d.h. die Weiterverarbeitung und somit die Wahrnehmung von H\u00f6rreizen im Gehirn, gest\u00f6rt sind. Hierbei ist das Ohr als Instrument zur Aufnahme von Schall organisch und funktionell in Ordnung, jedoch sind die Weiterleitung und Aufbereitung bis zur und in der Hirnrinde beeintr\u00e4chtigt. Es kommt dort zu Defiziten bei der Informationsverarbeitung wie z.B. bei der Lautdifferenzierung, der Lautfolgenentschl\u00fcsselung, dem Wort- und Satzverstehen, bei der Sinnerfassung und der Abspeicherung und Wiedergabe akustischer Sequenzen\/Informationen.<\/p>\n<p>Kinder mit einer auditiven Verarbeitungsschw\u00e4che reagieren oftmals unangemessen auf Ger\u00e4usche, k\u00f6nnen \u00e4hnlich klingende Laute wie \/k\/ und \/t\/ oder zwei unterschiedlich hohe T\u00f6ne nicht unterscheiden. Oft auch ist die sog. H\u00f6rmerkspanne eingeschr\u00e4nkt. Insgesamt kann dieses Spektrum unterschiedlichster funktionaler Beeintr\u00e4chtigungen zu diffusen und oft auch schwerwiegenden Sprachverst\u00e4ndnisproblemen f\u00fchren.<\/p>\n<p>H\u00e4ufig korreliert eine auditive Verarbeitungsschw\u00e4che mit einer Lese- Rechtschreibschw\u00e4che (<span class=\"caps\">LRS<\/span>, fr\u00fcher Legasthenie), denn der Prozess des Schriftspracherwerbs setzt eine funktionierende H\u00f6rverarbeitung voraus.<\/p>\n","protected":false},"excerpt":{"rendered":"<p>Eine <span class=\"caps\">AVS<\/span> wird auch als&nbsp;zentrale H\u00f6rst\u00f6rung bzw. H\u00f6rverarbeitungsst\u00f6rung&nbsp;bezeichnet. Sie liegt vor, wenn zentrale Prozesse, d.h. die Weiterverarbeitung und somit die Wahrnehmung von H\u00f6rreizen im Gehirn, gest\u00f6rt sind. Hierbei ist das Ohr als Instrument zur Aufnahme von Schall organisch und funktionell<\/p>\n","protected":false},"author":1,"featured_media":0,"parent":44,"menu_order":0,"comment_status":"closed","ping_status":"closed","template":"","meta":{"wp_typography_post_enhancements_disabled":false,"footnotes":""},"tags":[],"class_list":["post-297","page","type-page","status-publish","hentry"],"_links":{"self":[{"href":"https:\/\/sprachtherapie-koeln.de\/ehrenfeld\/wp-json\/wp\/v2\/pages\/297","targetHints":{"allow":["GET"]}}],"collection":[{"href":"https:\/\/sprachtherapie-koeln.de\/ehrenfeld\/wp-json\/wp\/v2\/pages"}],"about":[{"href":"https:\/\/sprachtherapie-koeln.de\/ehrenfeld\/wp-json\/wp\/v2\/types\/page"}],"author":[{"embeddable":true,"href":"https:\/\/sprachtherapie-koeln.de\/ehrenfeld\/wp-json\/wp\/v2\/users\/1"}],"replies":[{"embeddable":true,"href":"https:\/\/sprachtherapie-koeln.de\/ehrenfeld\/wp-json\/wp\/v2\/comments?post=297"}],"version-history":[{"count":1,"href":"https:\/\/sprachtherapie-koeln.de\/ehrenfeld\/wp-json\/wp\/v2\/pages\/297\/revisions"}],"predecessor-version":[{"id":298,"href":"https:\/\/sprachtherapie-koeln.de\/ehrenfeld\/wp-json\/wp\/v2\/pages\/297\/revisions\/298"}],"up":[{"embeddable":true,"href":"https:\/\/sprachtherapie-koeln.de\/ehrenfeld\/wp-json\/wp\/v2\/pages\/44"}],"wp:attachment":[{"href":"https:\/\/sprachtherapie-koeln.de\/ehrenfeld\/wp-json\/wp\/v2\/media?parent=297"}],"wp:term":[{"taxonomy":"post_tag","embeddable":true,"href":"https:\/\/sprachtherapie-koeln.de\/ehrenfeld\/wp-json\/wp\/v2\/tags?post=297"}],"curies":[{"name":"wp","href":"https:\/\/api.w.org\/{rel}","templated":true}]}}