{"id":313,"date":"2018-02-09T11:17:29","date_gmt":"2018-02-09T10:17:29","guid":{"rendered":"https:\/\/wahrnehmungsfoerderung.de\/sprachtherapie-ehrenfeld\/?page_id=313"},"modified":"2018-02-09T11:18:44","modified_gmt":"2018-02-09T10:18:44","slug":"neurologisch-bedingte-stoerungen-der-sprache","status":"publish","type":"page","link":"https:\/\/sprachtherapie-koeln.de\/ehrenfeld\/therapie-fuer-erwachsene\/neurologisch-bedingte-stoerungen-der-sprache\/","title":{"rendered":"Neurologisch bedingte St\u00f6rungen der Sprache"},"content":{"rendered":"<ul>\n<li><strong>Aphasien<\/strong>&nbsp;sind neurologisch bedingte St\u00f6rungen der bereits entwickelten Sprache. Sie entstehen in der Folge von Schlaganf\u00e4llen, Tumoren oder auch Sch\u00e4del-Hirn-Verletzungen.<br>\nDa sich Aphasien in vielen verschiedenen Formen auspr\u00e4gen, ist das Spektrum m\u00f6glicher Symptome sehr breit gefasst. Es reicht von schweren St\u00f6rungen des Sprachverst\u00e4ndnisses und der Produktion von Lautsprache bis hin zu mittelgradigen oder auch leichteren St\u00f6rungen bei der Wortfindung, beim lautlichen Aufbau von W\u00f6rtern oder auch beim Bilden von S\u00e4tzen. Auch das Lesen und das Schreiben sind zumeist betroffen. Eine Aphasie bedarf intensiver therapeutischer Bem\u00fchungen, die eine individuell-patientenbezogene, auf linguistischen Grundlagen beruhende Planung voraussetzen. Dem geht in der Regel eine komplexe, alle sprachlichen Leistungen untersuchende Diagnose voraus.<\/li>\n<\/ul>\n<p>&nbsp;<\/p>\n<ul>\n<li><strong>Dysarthrien<\/strong>&nbsp;k\u00f6nnen die gleichen Ursachen haben wie Aphasien. Dar\u00fcber hinaus entstehen sie mitunter auch bei Erkrankungen wie Parkinson oder Multipler Sklerose. Der betroffene Patient kann seine Artikulation nicht mehr pr\u00e4zise oder auch schnell genug koordinieren. Dies schlie\u00dft durchaus auch seine Atmung und seine Stimme ein. Die dysarthrische Rede weist ebenfalls ein breites Symptomspektrum auf: Sie klingt mitunter verlangsamt, verwaschen, ungenau, kehlig, atemlos bis hin zur Unverst\u00e4ndlichkeit. Dysarthrien sind reine Sprechst\u00f6rungen. Daher ist die Schriftsprache des Patienten nicht betroffen. In der fachgerechten Therapie muss nach einer ausf\u00fchrlichen Anamnese und Diagnose ein stark sprechorientiertes Training durchgef\u00fchrt werden.<\/li>\n<\/ul>\n<p>&nbsp;<\/p>\n<ul>\n<li><strong>Sprechapraxien<\/strong>&nbsp;sind Programmierst\u00f6rungen des Artikulations- und Sprechvorgangs. Die Fehlerproduktion ist im Gegensatz zur Dysarthrie unsystematisch, d.h. manchmal kann der Betroffene einen bestimmten Laut oder eine Lautkombination produzieren, manchmal nicht. Die Sprache als komplexes und systematisches Wissen ist nicht betroffen. Vor allem nicht das Sprachverst\u00e4ndnis und die schriftsprachlichen Leistungen wie Lesen und Schreiben. Auch hier m\u00fcssen Sprechprozesse grundst\u00e4ndig wieder trainiert und aufgebaut werden.<\/li>\n<\/ul>\n","protected":false},"excerpt":{"rendered":"<p>Aphasien&nbsp;sind neurologisch bedingte St\u00f6rungen der bereits entwickelten Sprache. Sie entstehen in der Folge von Schlaganf\u00e4llen, Tumoren oder auch Sch\u00e4del-Hirn-Verletzungen. Da sich Aphasien in vielen verschiedenen Formen auspr\u00e4gen, ist das Spektrum m\u00f6glicher Symptome sehr breit gefasst. Es reicht von schweren St\u00f6rungen<\/p>\n","protected":false},"author":1,"featured_media":0,"parent":46,"menu_order":0,"comment_status":"closed","ping_status":"closed","template":"","meta":{"wp_typography_post_enhancements_disabled":false,"footnotes":""},"tags":[],"class_list":["post-313","page","type-page","status-publish","hentry"],"_links":{"self":[{"href":"https:\/\/sprachtherapie-koeln.de\/ehrenfeld\/wp-json\/wp\/v2\/pages\/313","targetHints":{"allow":["GET"]}}],"collection":[{"href":"https:\/\/sprachtherapie-koeln.de\/ehrenfeld\/wp-json\/wp\/v2\/pages"}],"about":[{"href":"https:\/\/sprachtherapie-koeln.de\/ehrenfeld\/wp-json\/wp\/v2\/types\/page"}],"author":[{"embeddable":true,"href":"https:\/\/sprachtherapie-koeln.de\/ehrenfeld\/wp-json\/wp\/v2\/users\/1"}],"replies":[{"embeddable":true,"href":"https:\/\/sprachtherapie-koeln.de\/ehrenfeld\/wp-json\/wp\/v2\/comments?post=313"}],"version-history":[{"count":1,"href":"https:\/\/sprachtherapie-koeln.de\/ehrenfeld\/wp-json\/wp\/v2\/pages\/313\/revisions"}],"predecessor-version":[{"id":314,"href":"https:\/\/sprachtherapie-koeln.de\/ehrenfeld\/wp-json\/wp\/v2\/pages\/313\/revisions\/314"}],"up":[{"embeddable":true,"href":"https:\/\/sprachtherapie-koeln.de\/ehrenfeld\/wp-json\/wp\/v2\/pages\/46"}],"wp:attachment":[{"href":"https:\/\/sprachtherapie-koeln.de\/ehrenfeld\/wp-json\/wp\/v2\/media?parent=313"}],"wp:term":[{"taxonomy":"post_tag","embeddable":true,"href":"https:\/\/sprachtherapie-koeln.de\/ehrenfeld\/wp-json\/wp\/v2\/tags?post=313"}],"curies":[{"name":"wp","href":"https:\/\/api.w.org\/{rel}","templated":true}]}}