{"id":316,"date":"2018-02-09T11:20:13","date_gmt":"2018-02-09T10:20:13","guid":{"rendered":"https:\/\/wahrnehmungsfoerderung.de\/sprachtherapie-ehrenfeld\/?page_id=316"},"modified":"2018-02-09T11:20:13","modified_gmt":"2018-02-09T10:20:13","slug":"schluckstoerungen-dysphagie","status":"publish","type":"page","link":"https:\/\/sprachtherapie-koeln.de\/ehrenfeld\/therapie-fuer-erwachsene\/schluckstoerungen-dysphagie\/","title":{"rendered":"Schluckst\u00f6rungen (Dysphagie)"},"content":{"rendered":"<p>Durch einen Schlaganfall, eine andere neurologische Erkrankung oder eine Krebsoperation an den am Schluckakt beteiligten Organen kann es zu einer Schluckst\u00f6rung oder Dysphagie kommen. Auch altersbedingte Schluckst\u00f6rungen sind m\u00f6glich.<br>\nDie Nahrung kann entweder nicht mehr richtig gekaut und\/ oder nicht mehr richtig durch den Schlund transportiert und geschluckt werden.<br>\nDer Patient verschluckt sich h\u00e4ufig und muss husten oder aber er verschluckt sich unauff\u00e4llig, d.h. ohne Hustenreflex und reagiert mit einer Lungenentz\u00fcndung.<br>\nH\u00e4ufig werden diese Patienten durch eine Magensonde ern\u00e4hrt. Unsere Aufgabe ist es, das Schlucken durch bestimmte aktive und passive \u00dcbungen wieder anzutrainieren. Dazu geh\u00f6ren Massagen im Mundraum, \u00dcbungen zur St\u00e4rkung der wichtigsten Muskelgruppen und zur Erh\u00f6hung der Sensibilit\u00e4t. Auch die Erarbeitung von Schlucktechniken und die Beratung bei der Nahrungsanpassung geh\u00f6ren zur Therapie.<\/p>\n","protected":false},"excerpt":{"rendered":"<p>Durch einen Schlaganfall, eine andere neurologische Erkrankung oder eine Krebsoperation an den am Schluckakt beteiligten Organen kann es zu einer Schluckst\u00f6rung oder Dysphagie kommen. Auch altersbedingte Schluckst\u00f6rungen sind m\u00f6glich. Die Nahrung kann entweder nicht mehr richtig gekaut und\/ oder&nbsp;nicht<\/p>\n","protected":false},"author":1,"featured_media":0,"parent":46,"menu_order":0,"comment_status":"closed","ping_status":"closed","template":"","meta":{"wp_typography_post_enhancements_disabled":false,"footnotes":""},"tags":[],"class_list":["post-316","page","type-page","status-publish","hentry"],"_links":{"self":[{"href":"https:\/\/sprachtherapie-koeln.de\/ehrenfeld\/wp-json\/wp\/v2\/pages\/316","targetHints":{"allow":["GET"]}}],"collection":[{"href":"https:\/\/sprachtherapie-koeln.de\/ehrenfeld\/wp-json\/wp\/v2\/pages"}],"about":[{"href":"https:\/\/sprachtherapie-koeln.de\/ehrenfeld\/wp-json\/wp\/v2\/types\/page"}],"author":[{"embeddable":true,"href":"https:\/\/sprachtherapie-koeln.de\/ehrenfeld\/wp-json\/wp\/v2\/users\/1"}],"replies":[{"embeddable":true,"href":"https:\/\/sprachtherapie-koeln.de\/ehrenfeld\/wp-json\/wp\/v2\/comments?post=316"}],"version-history":[{"count":1,"href":"https:\/\/sprachtherapie-koeln.de\/ehrenfeld\/wp-json\/wp\/v2\/pages\/316\/revisions"}],"predecessor-version":[{"id":317,"href":"https:\/\/sprachtherapie-koeln.de\/ehrenfeld\/wp-json\/wp\/v2\/pages\/316\/revisions\/317"}],"up":[{"embeddable":true,"href":"https:\/\/sprachtherapie-koeln.de\/ehrenfeld\/wp-json\/wp\/v2\/pages\/46"}],"wp:attachment":[{"href":"https:\/\/sprachtherapie-koeln.de\/ehrenfeld\/wp-json\/wp\/v2\/media?parent=316"}],"wp:term":[{"taxonomy":"post_tag","embeddable":true,"href":"https:\/\/sprachtherapie-koeln.de\/ehrenfeld\/wp-json\/wp\/v2\/tags?post=316"}],"curies":[{"name":"wp","href":"https:\/\/api.w.org\/{rel}","templated":true}]}}