{"id":318,"date":"2018-02-09T11:20:59","date_gmt":"2018-02-09T10:20:59","guid":{"rendered":"https:\/\/wahrnehmungsfoerderung.de\/sprachtherapie-ehrenfeld\/?page_id=318"},"modified":"2018-02-09T11:20:59","modified_gmt":"2018-02-09T10:20:59","slug":"atemstoerungen","status":"publish","type":"page","link":"https:\/\/sprachtherapie-koeln.de\/ehrenfeld\/therapie-fuer-erwachsene\/atemstoerungen\/","title":{"rendered":"Atemst\u00f6rungen"},"content":{"rendered":"<p>Atemst\u00f6rungen treten meist in Kombination mit Stimmst\u00f6rungen auf, k\u00f6nnen aber auch eine Folge von zentral bedingten Nervenerkrankungen, z.B. Multipler Sklerose oder Morbus Parkinson sein.<br>\nDurch gezielte \u00dcbungen mit den Atmungsorganen ist es m\u00f6glich, die Atemkapazit\u00e4t zu st\u00e4rken und m\u00f6glichst lange zu erhalten.<\/p>\n","protected":false},"excerpt":{"rendered":"<p>Atemst\u00f6rungen treten meist in Kombination mit Stimmst\u00f6rungen auf, k\u00f6nnen aber auch eine Folge von zentral bedingten Nervenerkrankungen, z.B. Multipler Sklerose oder Morbus Parkinson sein. Durch gezielte \u00dcbungen mit den Atmungsorganen ist es m\u00f6glich, die Atemkapazit\u00e4t zu st\u00e4rken und m\u00f6glichst lange<\/p>\n","protected":false},"author":1,"featured_media":0,"parent":46,"menu_order":0,"comment_status":"closed","ping_status":"closed","template":"","meta":{"wp_typography_post_enhancements_disabled":false,"footnotes":""},"tags":[],"class_list":["post-318","page","type-page","status-publish","hentry"],"_links":{"self":[{"href":"https:\/\/sprachtherapie-koeln.de\/ehrenfeld\/wp-json\/wp\/v2\/pages\/318","targetHints":{"allow":["GET"]}}],"collection":[{"href":"https:\/\/sprachtherapie-koeln.de\/ehrenfeld\/wp-json\/wp\/v2\/pages"}],"about":[{"href":"https:\/\/sprachtherapie-koeln.de\/ehrenfeld\/wp-json\/wp\/v2\/types\/page"}],"author":[{"embeddable":true,"href":"https:\/\/sprachtherapie-koeln.de\/ehrenfeld\/wp-json\/wp\/v2\/users\/1"}],"replies":[{"embeddable":true,"href":"https:\/\/sprachtherapie-koeln.de\/ehrenfeld\/wp-json\/wp\/v2\/comments?post=318"}],"version-history":[{"count":1,"href":"https:\/\/sprachtherapie-koeln.de\/ehrenfeld\/wp-json\/wp\/v2\/pages\/318\/revisions"}],"predecessor-version":[{"id":319,"href":"https:\/\/sprachtherapie-koeln.de\/ehrenfeld\/wp-json\/wp\/v2\/pages\/318\/revisions\/319"}],"up":[{"embeddable":true,"href":"https:\/\/sprachtherapie-koeln.de\/ehrenfeld\/wp-json\/wp\/v2\/pages\/46"}],"wp:attachment":[{"href":"https:\/\/sprachtherapie-koeln.de\/ehrenfeld\/wp-json\/wp\/v2\/media?parent=318"}],"wp:term":[{"taxonomy":"post_tag","embeddable":true,"href":"https:\/\/sprachtherapie-koeln.de\/ehrenfeld\/wp-json\/wp\/v2\/tags?post=318"}],"curies":[{"name":"wp","href":"https:\/\/api.w.org\/{rel}","templated":true}]}}