{"id":320,"date":"2018-02-09T11:22:02","date_gmt":"2018-02-09T10:22:02","guid":{"rendered":"https:\/\/wahrnehmungsfoerderung.de\/sprachtherapie-ehrenfeld\/?page_id=320"},"modified":"2018-02-09T11:22:02","modified_gmt":"2018-02-09T10:22:02","slug":"stoerungen-der-stimme","status":"publish","type":"page","link":"https:\/\/sprachtherapie-koeln.de\/ehrenfeld\/therapie-fuer-erwachsene\/stoerungen-der-stimme\/","title":{"rendered":"St\u00f6rungen der Stimme"},"content":{"rendered":"<p>Wie wichtig die Stimme f\u00fcr unser Leben ist, wird einem oft erst bewusst, wenn sie den allt\u00e4glichen Belastungen nicht mehr standh\u00e4lt. Die Kommunikation mit den Mitmenschen wird dann eingeschr\u00e4nkt, aber auch Emotionen wie Wut oder Freude kann man nicht mehr ad\u00e4quat ausdr\u00fccken.<\/p>\n<p>Stimmst\u00f6rungen k\u00f6nnen sich zeigen durch: Heiserkeit, R\u00e4usperzwang, Klo\u00dfgef\u00fchl im Hals.\u2026. um nur einige Symptome zu nennen.<\/p>\n<p>Man unterscheidet zwischen organischen Stimmst\u00f6rungen, funktionellen Stimmst\u00f6rungen und psychogenen Stimmst\u00f6rungen.<\/p>\n<p>a)&nbsp;<strong>Organische Stimmst\u00f6rungen<\/strong>: Hier liegt eine organische Ver\u00e4nderung an den Stimmb\u00e4ndern oder im Kehlkopf vor, zum Beispiel die L\u00e4hmung eines Stimmbandes. Man spricht dann von einer Recurrensparese. Durch gezielte \u00dcbungen kann die Stimme meist ihre volle Funktionsf\u00e4higkeit wiedererlangen. Wenn ein Stimmband zum Teil entfernt werden muss, zum Beispiel nach Tumorerkrankungen, kann eine neue Stimme aufgebaut werden, sodass es m\u00f6glich ist, wieder voll am kommunikativen Leben teilzuhaben.<\/p>\n<p>b)&nbsp;<strong>Funktionelle Stimmst\u00f6rungen<\/strong>: Hier liegt keine organische Erkrankung an den Stimmb\u00e4ndern vor. Durch Fehlspannungen in der Kehlkopfmuskulatur kommt es zu einer angestrengten Stimmgebung. H\u00e4ufig sind davon Berufsgruppen betroffen, die einer erh\u00f6hten Stimmbelastung ausgesetzt sind, z.B. Lehrerinnen und Lehrer oder Erzieherinnen und Erzieher. Das Sprechen zu einer gr\u00f6\u00dferen Gruppe, oft innerhalb einer Ger\u00e4uschkulisse, wird dann zum Problem. Da die davon betroffenen Personen lediglich verlernt haben, ihre Stimme \u00f6konomisch einzusetzen, ist eine Therapie meist sehr erfolgversprechend.<\/p>\n<p>c)&nbsp;<strong>Psychogene Stimmst\u00f6rungen<\/strong>: Auch hier liegen Fehlspannungen im Bereich der Kehlkopfmuskulatur vor, die allerdings eine stark psychische Komponente haben. Durch sehr starke Belastungen im Alltag oder psychische Traumata kann auch die Stimme betroffen sein.<\/p>\n<p>Auch hier kann eine Stimmtherapie sehr hilfreich sein. Eine begleitende Psychotherapie ist in diesem Fall jedoch sinnvoll.<\/p>\n<p>d)&nbsp;<strong>St\u00f6rungen der Singstimme<\/strong>: Singen hat f\u00fcr viele Menschen eine gro\u00dfe Bedeutung in ihrem Leben. Sie sind im Chorgesang engagiert oder brauchen die Singstimme z.B. als P\u00e4dagogen und P\u00e4dagoginnen in ihrem beruflichen Alltag. Ebenso wie die Sprechstimme kann sich auch die Singstimme durch einen fehlerhaften Gebrauch ung\u00fcnstig ver\u00e4ndern. Sie klingt pl\u00f6tzlich angestrengt, hohe T\u00f6ne brechen ab, oder die Mittellage wird br\u00fcchig, um nur einige der m\u00f6glichen Symptome zu nennen.<\/p>\n<p>Singen erfordert eine grunds\u00e4tzlich andere Stimmf\u00fchrung als das Sprechen. Durch gezielte Gesangs\u00fcbungen kann jeder Mensch zu einer gesunden, m\u00fchelos angewandten Singstimme finden.<\/p>\n","protected":false},"excerpt":{"rendered":"<p>Wie wichtig die Stimme f\u00fcr unser Leben ist, wird einem oft erst bewusst, wenn sie den allt\u00e4glichen Belastungen nicht mehr standh\u00e4lt. Die Kommunikation mit den Mitmenschen wird dann eingeschr\u00e4nkt, aber auch Emotionen wie Wut oder Freude kann man nicht&nbsp;mehr<\/p>\n","protected":false},"author":1,"featured_media":0,"parent":46,"menu_order":0,"comment_status":"closed","ping_status":"closed","template":"","meta":{"wp_typography_post_enhancements_disabled":false,"footnotes":""},"tags":[],"class_list":["post-320","page","type-page","status-publish","hentry"],"_links":{"self":[{"href":"https:\/\/sprachtherapie-koeln.de\/ehrenfeld\/wp-json\/wp\/v2\/pages\/320","targetHints":{"allow":["GET"]}}],"collection":[{"href":"https:\/\/sprachtherapie-koeln.de\/ehrenfeld\/wp-json\/wp\/v2\/pages"}],"about":[{"href":"https:\/\/sprachtherapie-koeln.de\/ehrenfeld\/wp-json\/wp\/v2\/types\/page"}],"author":[{"embeddable":true,"href":"https:\/\/sprachtherapie-koeln.de\/ehrenfeld\/wp-json\/wp\/v2\/users\/1"}],"replies":[{"embeddable":true,"href":"https:\/\/sprachtherapie-koeln.de\/ehrenfeld\/wp-json\/wp\/v2\/comments?post=320"}],"version-history":[{"count":1,"href":"https:\/\/sprachtherapie-koeln.de\/ehrenfeld\/wp-json\/wp\/v2\/pages\/320\/revisions"}],"predecessor-version":[{"id":321,"href":"https:\/\/sprachtherapie-koeln.de\/ehrenfeld\/wp-json\/wp\/v2\/pages\/320\/revisions\/321"}],"up":[{"embeddable":true,"href":"https:\/\/sprachtherapie-koeln.de\/ehrenfeld\/wp-json\/wp\/v2\/pages\/46"}],"wp:attachment":[{"href":"https:\/\/sprachtherapie-koeln.de\/ehrenfeld\/wp-json\/wp\/v2\/media?parent=320"}],"wp:term":[{"taxonomy":"post_tag","embeddable":true,"href":"https:\/\/sprachtherapie-koeln.de\/ehrenfeld\/wp-json\/wp\/v2\/tags?post=320"}],"curies":[{"name":"wp","href":"https:\/\/api.w.org\/{rel}","templated":true}]}}