{"id":326,"date":"2018-02-09T11:25:14","date_gmt":"2018-02-09T10:25:14","guid":{"rendered":"https:\/\/wahrnehmungsfoerderung.de\/sprachtherapie-ehrenfeld\/?page_id=326"},"modified":"2018-02-09T11:25:14","modified_gmt":"2018-02-09T10:25:14","slug":"artikulationsstoerungen-bei-erwachsenen","status":"publish","type":"page","link":"https:\/\/sprachtherapie-koeln.de\/ehrenfeld\/therapie-fuer-erwachsene\/artikulationsstoerungen-bei-erwachsenen\/","title":{"rendered":"Artikulationsst\u00f6rungen bei Erwachsenen"},"content":{"rendered":"<p>Besonders Menschen in Sprechberufen erleben es als Beeintr\u00e4chtigung in der Aus\u00fcbung ihres Berufes, wenn eine Aussprachest\u00f6rung aus der Kindheit nicht \u00fcberwunden werden konnte. Ihnen und allen anderen Erwachsenen, die z.B. ihr Lispeln ablegen m\u00f6chten, k\u00f6nnen wir mit einer spezifischen Erwachsenentherapie helfen.<br>\nAuch hier steht die Bewusstmachung des \u201eFehlers\u201c, die Anbahnung des korrekt gesprochenen Lautes und der Transfer in den Alltag im Mittelpunkt, inhaltlich orientiert an den Interessen und dem Umfeld des Patienten.<\/p>\n","protected":false},"excerpt":{"rendered":"<p>Besonders Menschen in Sprechberufen erleben es als Beeintr\u00e4chtigung in der Aus\u00fcbung ihres Berufes, wenn eine Aussprachest\u00f6rung aus der Kindheit nicht \u00fcberwunden werden konnte. Ihnen und allen anderen Erwachsenen, die z.B. ihr Lispeln ablegen m\u00f6chten, k\u00f6nnen wir mit einer spezifischen Erwachsenentherapie<\/p>\n","protected":false},"author":1,"featured_media":0,"parent":46,"menu_order":0,"comment_status":"closed","ping_status":"closed","template":"","meta":{"wp_typography_post_enhancements_disabled":false,"footnotes":""},"tags":[],"class_list":["post-326","page","type-page","status-publish","hentry"],"_links":{"self":[{"href":"https:\/\/sprachtherapie-koeln.de\/ehrenfeld\/wp-json\/wp\/v2\/pages\/326","targetHints":{"allow":["GET"]}}],"collection":[{"href":"https:\/\/sprachtherapie-koeln.de\/ehrenfeld\/wp-json\/wp\/v2\/pages"}],"about":[{"href":"https:\/\/sprachtherapie-koeln.de\/ehrenfeld\/wp-json\/wp\/v2\/types\/page"}],"author":[{"embeddable":true,"href":"https:\/\/sprachtherapie-koeln.de\/ehrenfeld\/wp-json\/wp\/v2\/users\/1"}],"replies":[{"embeddable":true,"href":"https:\/\/sprachtherapie-koeln.de\/ehrenfeld\/wp-json\/wp\/v2\/comments?post=326"}],"version-history":[{"count":1,"href":"https:\/\/sprachtherapie-koeln.de\/ehrenfeld\/wp-json\/wp\/v2\/pages\/326\/revisions"}],"predecessor-version":[{"id":327,"href":"https:\/\/sprachtherapie-koeln.de\/ehrenfeld\/wp-json\/wp\/v2\/pages\/326\/revisions\/327"}],"up":[{"embeddable":true,"href":"https:\/\/sprachtherapie-koeln.de\/ehrenfeld\/wp-json\/wp\/v2\/pages\/46"}],"wp:attachment":[{"href":"https:\/\/sprachtherapie-koeln.de\/ehrenfeld\/wp-json\/wp\/v2\/media?parent=326"}],"wp:term":[{"taxonomy":"post_tag","embeddable":true,"href":"https:\/\/sprachtherapie-koeln.de\/ehrenfeld\/wp-json\/wp\/v2\/tags?post=326"}],"curies":[{"name":"wp","href":"https:\/\/api.w.org\/{rel}","templated":true}]}}