{"id":44,"date":"2017-12-06T11:41:34","date_gmt":"2017-12-06T10:41:34","guid":{"rendered":"https:\/\/wahrnehmungsfoerderung.de\/sprachtherapie-ehrenfeld\/?page_id=44"},"modified":"2024-06-03T08:29:30","modified_gmt":"2024-06-03T06:29:30","slug":"therapie-fuer-kinder-und-jugendliche","status":"publish","type":"page","link":"https:\/\/sprachtherapie-koeln.de\/ehrenfeld\/therapie-fuer-kinder-und-jugendliche\/","title":{"rendered":"Therapie f\u00fcr Kinder und Jugendliche"},"content":{"rendered":"<div id=\"content\" class=\"clearfix\">\n<p><!--dynamic_sidebar_before:spacious_business_page_top_section_sidebar:1--><\/p>\n<section id=\"spacious_service_widget-5\" class=\"widget widget_service_block clearfix\" title=\"Shift-Klick, um dieses Widget zu bearbeiten.\" data-customize-widget-id=\"spacious_service_widget-5\" data-customize-partial-placement-context=\"{&quot;sidebar_id&quot;:&quot;spacious_business_page_top_section_sidebar&quot;,&quot;sidebar_instance_number&quot;:1}\" data-customize-partial-type=\"widget\" data-customize-partial-id=\"widget[spacious_service_widget-5]\">\n<div class=\"tg-one-third\"><\/div>\n<div class=\"tg-one-third\">\n<div style=\"background: #deedf7; padding: 10px 0 10px 0; text-align: center;\"><a href=\"https:\/\/sprachtherapie-koeln.de\/ehrenfeld\/therapie-fuer-kinder-und-jugendliche\/redeflussstoerungen-stotternpoltern\/\">Redeflussst\u00f6rungen (Stottern\/Poltern)<\/a><\/div>\n<\/div>\n<div class=\"tg-one-third\">\n<div style=\"background: #deedf7; padding: 10px 0 10px 0; text-align: center;\"><a href=\"https:\/\/sprachtherapie-koeln.de\/ehrenfeld\/therapie-fuer-kinder-und-jugendliche\/myofunktionelle-therapie-mft-z-b-bei-zahnfehlstellungen-falschem-schlucken-oder-artikulationsproblemen\/\">Myofunktionelle Therapie (<span class=\"caps\">MFT<\/span>)<\/a><\/div>\n<\/div>\n<\/section>\n<\/div>\n<p><!--dynamic_sidebar_before:spacious_business_page_top_section_sidebar:2--><\/p>\n<section id=\"spacious_service_widget-5\" class=\"widget widget_service_block clearfix\" title=\"Shift-Klick, um dieses Widget zu bearbeiten.\" data-customize-widget-id=\"spacious_service_widget-5\" data-customize-partial-placement-context=\"{&quot;sidebar_id&quot;:&quot;spacious_business_page_top_section_sidebar&quot;,&quot;sidebar_instance_number&quot;:1}\" data-customize-partial-type=\"widget\" data-customize-partial-id=\"widget[spacious_service_widget-5]\">\n<div class=\"tg-one-third\">\n<div style=\"background: #deedf7; padding: 10px 0 10px 0; text-align: center;\"><a href=\"https:\/\/sprachtherapie-koeln.de\/ehrenfeld\/therapie-fuer-kinder-und-jugendliche\/kindliche-stimmstoerungen\/\">Kindliche Stimmst\u00f6rungen<\/a><\/div>\n<\/div>\n<div class=\"tg-one-third\">\n<div style=\"background: #deedf7; padding: 10px 0 10px 0; text-align: center;\"><a href=\"https:\/\/sprachtherapie-koeln.de\/ehrenfeld\/therapie-fuer-kinder-und-jugendliche\/schluckstoerungen-bei-kindern\/\">Schluckst\u00f6rungen bei Kindern<\/a><\/div>\n<\/div>\n<div class=\"tg-one-third\">\n<div style=\"background: #deedf7; padding: 10px 0 10px 0; text-align: center;\"><a href=\"https:\/\/sprachtherapie-koeln.de\/ehrenfeld\/therapie-fuer-kinder-und-jugendliche\/selektiver-mutismus\/\">Selektiver Mutismus<\/a><\/div>\n<\/div>\n<\/section>\n<p><!--dynamic_sidebar_before:spacious_business_page_top_section_sidebar:3--><\/p>\n<section id=\"spacious_service_widget-5\" class=\"widget widget_service_block clearfix\" title=\"Shift-Klick, um dieses Widget zu bearbeiten.\" data-customize-widget-id=\"spacious_service_widget-5\" data-customize-partial-placement-context=\"{&quot;sidebar_id&quot;:&quot;spacious_business_page_top_section_sidebar&quot;,&quot;sidebar_instance_number&quot;:1}\" data-customize-partial-type=\"widget\" data-customize-partial-id=\"widget[spacious_service_widget-5]\">\n<div class=\"tg-one-third\">\n<div style=\"background: #deedf7; padding: 10px 0 10px 0; text-align: center;\"><a href=\"https:\/\/sprachtherapie-koeln.de\/ehrenfeld\/therapie-fuer-kinder-und-jugendliche\/auditive-verarbeitungsstoerungen-avs\/\">Auditive Verarbeitungsst\u00f6rungen<br>\n(<span class=\"caps\">AVS<\/span>)<\/a><\/div>\n<\/div>\n<div class=\"tg-one-third\">\n<div style=\"background: #deedf7; padding: 10px 0 10px 0; text-align: center;\"><a href=\"https:\/\/sprachtherapie-koeln.de\/ehrenfeld\/therapie-fuer-kinder-und-jugendliche\/schriftspracherwerbsstoerung-lese-rechtschreibschwaeche-legasthenie\/\">Schriftspracherwerbs-<br>\nst\u00f6rung \u2014 Lese-\/ Rechtschreibschw\u00e4che (Legasthenie)<\/a><\/div>\n<\/div>\n<div class=\"tg-one-third\">\n<div style=\"background: #deedf7; padding: 10px 0 10px 0; text-align: center;\"><a href=\"https:\/\/sprachtherapie-koeln.de\/ehrenfeld\/therapie-fuer-kinder-und-jugendliche\/stoerungen-der-sprachentwicklung-bei-kindern-und-jugendlichen\/\">St\u00f6rungen der Sprachentwicklung bei Kindern und Jugendlichen<\/a><\/div>\n<\/div>\n<\/section>\n","protected":false},"excerpt":{"rendered":"<p>Redeflussst\u00f6rungen (Stottern\/Poltern) Myofunktionelle Therapie (<span class=\"caps\">MFT<\/span>) Kindliche Stimmst\u00f6rungen Schluckst\u00f6rungen bei Kindern Selektiver Mutismus Auditive Verarbeitungsst\u00f6rungen (<span class=\"caps\">AVS<\/span>) Schriftspracherwerbs- st\u00f6rung \u2014 Lese-\/ Rechtschreibschw\u00e4che (Legasthenie) St\u00f6rungen der Sprachentwicklung bei Kindern und Jugendlichen<\/p>\n","protected":false},"author":1,"featured_media":0,"parent":0,"menu_order":0,"comment_status":"closed","ping_status":"closed","template":"","meta":{"wp_typography_post_enhancements_disabled":false,"footnotes":""},"tags":[25,24,26,19,22,27,17,18],"class_list":["post-44","page","type-page","status-publish","hentry","tag-dyslexie","tag-legasthenie","tag-lrs","tag-poltern","tag-schluckstoerung","tag-selektiver-mutismus","tag-sprachstoerung","tag-stottern"],"_links":{"self":[{"href":"https:\/\/sprachtherapie-koeln.de\/ehrenfeld\/wp-json\/wp\/v2\/pages\/44","targetHints":{"allow":["GET"]}}],"collection":[{"href":"https:\/\/sprachtherapie-koeln.de\/ehrenfeld\/wp-json\/wp\/v2\/pages"}],"about":[{"href":"https:\/\/sprachtherapie-koeln.de\/ehrenfeld\/wp-json\/wp\/v2\/types\/page"}],"author":[{"embeddable":true,"href":"https:\/\/sprachtherapie-koeln.de\/ehrenfeld\/wp-json\/wp\/v2\/users\/1"}],"replies":[{"embeddable":true,"href":"https:\/\/sprachtherapie-koeln.de\/ehrenfeld\/wp-json\/wp\/v2\/comments?post=44"}],"version-history":[{"count":10,"href":"https:\/\/sprachtherapie-koeln.de\/ehrenfeld\/wp-json\/wp\/v2\/pages\/44\/revisions"}],"predecessor-version":[{"id":578,"href":"https:\/\/sprachtherapie-koeln.de\/ehrenfeld\/wp-json\/wp\/v2\/pages\/44\/revisions\/578"}],"wp:attachment":[{"href":"https:\/\/sprachtherapie-koeln.de\/ehrenfeld\/wp-json\/wp\/v2\/media?parent=44"}],"wp:term":[{"taxonomy":"post_tag","embeddable":true,"href":"https:\/\/sprachtherapie-koeln.de\/ehrenfeld\/wp-json\/wp\/v2\/tags?post=44"}],"curies":[{"name":"wp","href":"https:\/\/api.w.org\/{rel}","templated":true}]}}