{"id":250,"date":"2018-02-12T10:08:29","date_gmt":"2018-02-12T09:08:29","guid":{"rendered":"https:\/\/wahrnehmungsfoerderung.de\/sprachtherapie-koeln\/?page_id=250"},"modified":"2018-02-12T10:08:29","modified_gmt":"2018-02-12T09:08:29","slug":"gesichtslaehmungen-facialisparesen","status":"publish","type":"page","link":"https:\/\/sprachtherapie-koeln.de\/hoehenberg\/therapie-fuer-erwachsene\/gesichtslaehmungen-facialisparesen\/","title":{"rendered":"Gesichtsl\u00e4hmungen (Facialisparesen)"},"content":{"rendered":"<p>Eine Gesichtsl\u00e4hmung kann sowohl durch Durchblutungsst\u00f6rungen im Gehirn als auch durch Tumoroperationen oder Infektionen eintreten. Betroffen k\u00f6nnen alle Gesichtsmuskeln sein. Am h\u00e4ufigsten sind der Mundwinkel und der Augenmuskel beeintr\u00e4chtigt.<br>\nDurch eine spezielle Eis- und Dehnbehandlung trainieren wir mit den Patienten, die Funktion der betroffenen Muskeln wieder herzustellen. Mit Hilfe spezieller, individuell angepasster mundmotorischer \u00dcbungen kann der Patient auch selbst\u00e4ndig zu Hause arbeiten und so den Erfolg beschleunigen.<\/p>\n","protected":false},"excerpt":{"rendered":"<p>Eine Gesichtsl\u00e4hmung kann sowohl durch Durchblutungsst\u00f6rungen im Gehirn als auch durch Tumoroperationen oder Infektionen eintreten. Betroffen k\u00f6nnen alle Gesichtsmuskeln sein. Am h\u00e4ufigsten sind der Mundwinkel und der Augenmuskel beeintr\u00e4chtigt. Durch eine spezielle Eis- und Dehnbehandlung trainieren wir mit den Patienten,<\/p>\n","protected":false},"author":1,"featured_media":0,"parent":103,"menu_order":0,"comment_status":"closed","ping_status":"closed","template":"","meta":{"wp_typography_post_enhancements_disabled":false,"footnotes":""},"tags":[],"class_list":["post-250","page","type-page","status-publish","hentry"],"_links":{"self":[{"href":"https:\/\/sprachtherapie-koeln.de\/hoehenberg\/wp-json\/wp\/v2\/pages\/250","targetHints":{"allow":["GET"]}}],"collection":[{"href":"https:\/\/sprachtherapie-koeln.de\/hoehenberg\/wp-json\/wp\/v2\/pages"}],"about":[{"href":"https:\/\/sprachtherapie-koeln.de\/hoehenberg\/wp-json\/wp\/v2\/types\/page"}],"author":[{"embeddable":true,"href":"https:\/\/sprachtherapie-koeln.de\/hoehenberg\/wp-json\/wp\/v2\/users\/1"}],"replies":[{"embeddable":true,"href":"https:\/\/sprachtherapie-koeln.de\/hoehenberg\/wp-json\/wp\/v2\/comments?post=250"}],"version-history":[{"count":1,"href":"https:\/\/sprachtherapie-koeln.de\/hoehenberg\/wp-json\/wp\/v2\/pages\/250\/revisions"}],"predecessor-version":[{"id":251,"href":"https:\/\/sprachtherapie-koeln.de\/hoehenberg\/wp-json\/wp\/v2\/pages\/250\/revisions\/251"}],"up":[{"embeddable":true,"href":"https:\/\/sprachtherapie-koeln.de\/hoehenberg\/wp-json\/wp\/v2\/pages\/103"}],"wp:attachment":[{"href":"https:\/\/sprachtherapie-koeln.de\/hoehenberg\/wp-json\/wp\/v2\/media?parent=250"}],"wp:term":[{"taxonomy":"post_tag","embeddable":true,"href":"https:\/\/sprachtherapie-koeln.de\/hoehenberg\/wp-json\/wp\/v2\/tags?post=250"}],"curies":[{"name":"wp","href":"https:\/\/api.w.org\/{rel}","templated":true}]}}