{"id":279,"date":"2018-02-21T14:06:32","date_gmt":"2018-02-21T13:06:32","guid":{"rendered":"https:\/\/sprachtherapie-koeln.de\/hoehenberg\/?page_id=279"},"modified":"2018-04-05T14:50:36","modified_gmt":"2018-04-05T12:50:36","slug":"anfahrt","status":"publish","type":"page","link":"https:\/\/sprachtherapie-koeln.de\/hoehenberg\/anfahrt\/","title":{"rendered":"Anfahrt"},"content":{"rendered":"<p>Unsere Praxis befindet sich rechtsrheinisch im Herzen K\u00f6ln-H\u00f6henbergs (zwischen K\u00f6ln-Kalk und K\u00f6ln-Merheim) in unmittelbarer N\u00e4he einer Station der Linie 1 (Fuldaer Stra\u00dfe).<\/p>\n<p>&nbsp;<\/p>\n<h3>Ihre Anfahrt mit \u00f6ffentlichen Verkehrsmitteln:<\/h3>\n<p>Nehmen Sie stadtausw\u00e4rts die Linie 1\/Richtung Bensberg\/Refrath oder Br\u00fcck bzw. stadteinw\u00e4rts die Linie 1\/Richtung Junkersdorf oder Weiden (Ticket Preisstufe 1b im innerst\u00e4dtischen Verkehr in Stra\u00dfen- bzw. U\u2011Bahnen oder Bussen mit M\u00fcnzen oder Geldkarte zahlbar).<\/p>\n<p>Steigen Sie an der Haltestelle Fuldaer Stra\u00dfe aus, nehmen Sie die Treppen aufw\u00e4rts und wenden Sie sich bei Verlassen des Bahngeb\u00e4udes nach rechts. Gehen Sie bis zur Kreuzung Fuldaer Stra\u00dfe\/Olpener Stra\u00dfe. Auf der rechten Seite kurz vor der Kreuzung befindet sich der Eingang.<\/p>\n<p>&nbsp;<\/p>\n<h3>Ihre Anfahrt mit dem&nbsp;<span class=\"caps\">PKW<\/span>:<\/h3>\n<p><strong>Kommen Sie aus K\u00f6ln-Kalk?<\/strong><br>\nDie Olpener Stra\u00dfe ist eine Verl\u00e4ngerung der Kalker Hauptstra\u00dfe. Fahren Sie einfach stadtausw\u00e4rts bis H\u00f6henberg.<\/p>\n<p><strong>Kommen Sie aus Merheim, Br\u00fcck&nbsp;etc.?<\/strong><br>\nFahren Sie die Olpener Stra\u00dfe stadteinw\u00e4rts. K\u00f6ln-H\u00f6henberg ist der Stadtteil vor K\u00f6ln-Kalk.<\/p>\n<p><strong>Kommen Sie von au\u00dferhalb der&nbsp;Stadt?<\/strong><br>\nFahren Sie aus jeder Richtung immer bis zum Kreuz K\u00f6ln-Ost, dann weiter:<\/p>\n<ul>\n<li>Richtung K\u00f6ln-Zentrum1. Ausfahrt danach \/ H\u00f6henberg abfahren \u2013 noch vor demTunnel&nbsp;!<\/li>\n<li>nach der Ausfahrt an der Ampel links abbiegen in die Frankfurter Stra\u00dfe (B 8)gegen\u00fcber dem Friedhof (etwa 600 m) rechts in die Fuldaer Stra\u00dfe abbiegen (Rechtsabbiegerampel)<\/li>\n<li>an der n\u00e4chsten Ampel M\u00fcndung der Fuldaer Str. in die Olpener Stra\u00dfe finden Sie Fuldaerstra\u00dfe Nr. 1 (Apotheke gegen\u00fcber)<\/li>\n<\/ul>\n<p><strong>F\u00fcr alle, die aus Richtung A 57-Krefeld kommen:<\/strong><\/p>\n<ul>\n<li>am Autobahnende Richtung <span class=\"caps\">ZOOBR\u00dcCKE<\/span> einordnen und \u00fcber die Zoobr\u00fccke fahren<\/li>\n<li>nach der Br\u00fccke weiter auf der Autobahn weiter bis<\/li>\n<li>Ausfahrt H\u00f6henberg \u2013 direkt nach dem Tunnel nehmen und weiter wie oben beschrieben<\/li>\n<\/ul>\n\n","protected":false},"excerpt":{"rendered":"<p>Unsere Praxis befindet sich rechtsrheinisch im Herzen K\u00f6ln-H\u00f6henbergs (zwischen K\u00f6ln-Kalk und K\u00f6ln-Merheim) in unmittelbarer N\u00e4he einer Station der Linie 1 (Fuldaer Stra\u00dfe). &nbsp; Ihre Anfahrt mit \u00f6ffentlichen Verkehrsmitteln: Nehmen Sie stadtausw\u00e4rts die Linie 1\/Richtung Bensberg\/Refrath oder Br\u00fcck bzw. stadteinw\u00e4rts die<\/p>\n","protected":false},"author":1,"featured_media":0,"parent":0,"menu_order":0,"comment_status":"closed","ping_status":"closed","template":"","meta":{"wp_typography_post_enhancements_disabled":false,"footnotes":""},"tags":[],"class_list":["post-279","page","type-page","status-publish","hentry"],"_links":{"self":[{"href":"https:\/\/sprachtherapie-koeln.de\/hoehenberg\/wp-json\/wp\/v2\/pages\/279","targetHints":{"allow":["GET"]}}],"collection":[{"href":"https:\/\/sprachtherapie-koeln.de\/hoehenberg\/wp-json\/wp\/v2\/pages"}],"about":[{"href":"https:\/\/sprachtherapie-koeln.de\/hoehenberg\/wp-json\/wp\/v2\/types\/page"}],"author":[{"embeddable":true,"href":"https:\/\/sprachtherapie-koeln.de\/hoehenberg\/wp-json\/wp\/v2\/users\/1"}],"replies":[{"embeddable":true,"href":"https:\/\/sprachtherapie-koeln.de\/hoehenberg\/wp-json\/wp\/v2\/comments?post=279"}],"version-history":[{"count":3,"href":"https:\/\/sprachtherapie-koeln.de\/hoehenberg\/wp-json\/wp\/v2\/pages\/279\/revisions"}],"predecessor-version":[{"id":282,"href":"https:\/\/sprachtherapie-koeln.de\/hoehenberg\/wp-json\/wp\/v2\/pages\/279\/revisions\/282"}],"wp:attachment":[{"href":"https:\/\/sprachtherapie-koeln.de\/hoehenberg\/wp-json\/wp\/v2\/media?parent=279"}],"wp:term":[{"taxonomy":"post_tag","embeddable":true,"href":"https:\/\/sprachtherapie-koeln.de\/hoehenberg\/wp-json\/wp\/v2\/tags?post=279"}],"curies":[{"name":"wp","href":"https:\/\/api.w.org\/{rel}","templated":true}]}}