{"id":43,"date":"2017-12-08T13:03:18","date_gmt":"2017-12-08T12:03:18","guid":{"rendered":"https:\/\/wahrnehmungsfoerderung.de\/sprachtherapie-koeln\/?page_id=43"},"modified":"2021-04-22T12:01:26","modified_gmt":"2021-04-22T10:01:26","slug":"praxis","status":"publish","type":"page","link":"https:\/\/sprachtherapie-koeln.de\/hoehenberg\/praxis\/","title":{"rendered":"Praxis"},"content":{"rendered":"<p>Meine Praxis liegt verkehrsg\u00fcnstig im rechtsrheinischen K\u00f6ln-H\u00f6henberg. Wir sind mit dem Auto und der Stra\u00dfenbahn Linie 1 (Haltestelle Fuldaerstra\u00dfe) gut erreichbar.<\/p>\n<p>Unser interdisziplin\u00e4res Team stammt aus den Fachbereichen Logop\u00e4die, Sprachheilp\u00e4dagogik, und Linguistik. Dadurch profitieren unsere Patienten von den unterschiedlichen Schwerpunkten und Methoden verschiedener Disziplinen.<\/p>\n","protected":false},"excerpt":{"rendered":"<p>Meine Praxis liegt verkehrsg\u00fcnstig im rechtsrheinischen K\u00f6ln-H\u00f6henberg. Wir sind mit dem Auto und der Stra\u00dfenbahn Linie 1 (Haltestelle Fuldaerstra\u00dfe) gut erreichbar. Unser interdisziplin\u00e4res Team stammt aus den Fachbereichen Logop\u00e4die, Sprachheilp\u00e4dagogik, und Linguistik. Dadurch profitieren unsere Patienten von den unterschiedlichen Schwerpunkten<\/p>\n","protected":false},"author":1,"featured_media":0,"parent":0,"menu_order":0,"comment_status":"closed","ping_status":"closed","template":"","meta":{"wp_typography_post_enhancements_disabled":false,"footnotes":""},"tags":[12,13,14,16,17],"class_list":["post-43","page","type-page","status-publish","hentry","tag-behandlung","tag-beratung","tag-diagnose","tag-dyskalkulie","tag-legasthenie"],"_links":{"self":[{"href":"https:\/\/sprachtherapie-koeln.de\/hoehenberg\/wp-json\/wp\/v2\/pages\/43","targetHints":{"allow":["GET"]}}],"collection":[{"href":"https:\/\/sprachtherapie-koeln.de\/hoehenberg\/wp-json\/wp\/v2\/pages"}],"about":[{"href":"https:\/\/sprachtherapie-koeln.de\/hoehenberg\/wp-json\/wp\/v2\/types\/page"}],"author":[{"embeddable":true,"href":"https:\/\/sprachtherapie-koeln.de\/hoehenberg\/wp-json\/wp\/v2\/users\/1"}],"replies":[{"embeddable":true,"href":"https:\/\/sprachtherapie-koeln.de\/hoehenberg\/wp-json\/wp\/v2\/comments?post=43"}],"version-history":[{"count":4,"href":"https:\/\/sprachtherapie-koeln.de\/hoehenberg\/wp-json\/wp\/v2\/pages\/43\/revisions"}],"predecessor-version":[{"id":296,"href":"https:\/\/sprachtherapie-koeln.de\/hoehenberg\/wp-json\/wp\/v2\/pages\/43\/revisions\/296"}],"wp:attachment":[{"href":"https:\/\/sprachtherapie-koeln.de\/hoehenberg\/wp-json\/wp\/v2\/media?parent=43"}],"wp:term":[{"taxonomy":"post_tag","embeddable":true,"href":"https:\/\/sprachtherapie-koeln.de\/hoehenberg\/wp-json\/wp\/v2\/tags?post=43"}],"curies":[{"name":"wp","href":"https:\/\/api.w.org\/{rel}","templated":true}]}}