{"id":5,"date":"2017-12-05T13:26:03","date_gmt":"2017-12-05T12:26:03","guid":{"rendered":"https:\/\/wahrnehmungsfoerderung.de\/sprachtherapie-koeln\/?page_id=5"},"modified":"2023-01-23T10:58:01","modified_gmt":"2023-01-23T09:58:01","slug":"startseite","status":"publish","type":"page","link":"https:\/\/sprachtherapie-koeln.de\/hoehenberg\/","title":{"rendered":"Startseite"},"content":{"rendered":"<p style=\"font-size: 1.3em;\">Herzlich willkommen auf der Seite der <span class=\"caps\">ES<\/span> Praxis f\u00fcr Sprachtherapie H\u00f6henberg GmbH!<\/p>\n<p>Unser Team aus kompetenten und engagierten Sprachtherapeutinnen und Logop\u00e4den freut sich darauf, mit Ihnen erfolgreich zusammenzuarbeiten. Selbstverst\u00e4ndlich bieten wir die Therapie auch im Rahmen von \u00e4rztlich verordneten Hausbesuchen an.<\/p>\n<p>Regelm\u00e4\u00dfige Fort- und Weiterbildungen gew\u00e4hrleisten unseren hohen Standard und die Durchf\u00fchrung von Therapien auf Grundlage aktueller und erprobter Konzepte.<\/p>\n<p>&nbsp;<\/p>\n<p><em><strong>Wir sch\u00fctzen Sie und uns und arbeiten immer mit Mund-Nasen-Schutz und Plexiglastrennwand. W\u00e4hrend und nach jeder Therapiesitzung wird gel\u00fcftet.&nbsp;<\/strong><\/em><\/p>\n<p><em><strong>H\u00e4ufig benutzte Oberfl\u00e4chen werden nach jeder Sitzung desinfiziert.<\/strong><\/em><\/p>\n<p><em><strong>Auch Online-Therapien (per Video) sind zur Zeit m\u00f6glich.<\/strong><\/em><\/p>\n<p>&nbsp;<\/p>\n<p><em><strong>Ihr Team der Praxis f\u00fcr Logop\u00e4die<\/strong><\/em><\/p>\n","protected":false},"excerpt":{"rendered":"<p>Herzlich willkommen auf der Seite der <span class=\"caps\">ES<\/span> Praxis f\u00fcr Sprachtherapie H\u00f6henberg GmbH! Unser Team aus kompetenten und engagierten Sprachtherapeutinnen und Logop\u00e4den freut sich darauf, mit Ihnen erfolgreich zusammenzuarbeiten. Selbstverst\u00e4ndlich bieten wir die Therapie auch im Rahmen von \u00e4rztlich verordneten Hausbesuchen<\/p>\n","protected":false},"author":1,"featured_media":0,"parent":0,"menu_order":0,"comment_status":"closed","ping_status":"closed","template":"","meta":{"wp_typography_post_enhancements_disabled":false,"footnotes":""},"tags":[23,24,25],"class_list":["post-5","page","type-page","status-publish","hentry","tag-lesefaehigkeiten","tag-schreibfaehigkeiten","tag-stimme"],"_links":{"self":[{"href":"https:\/\/sprachtherapie-koeln.de\/hoehenberg\/wp-json\/wp\/v2\/pages\/5","targetHints":{"allow":["GET"]}}],"collection":[{"href":"https:\/\/sprachtherapie-koeln.de\/hoehenberg\/wp-json\/wp\/v2\/pages"}],"about":[{"href":"https:\/\/sprachtherapie-koeln.de\/hoehenberg\/wp-json\/wp\/v2\/types\/page"}],"author":[{"embeddable":true,"href":"https:\/\/sprachtherapie-koeln.de\/hoehenberg\/wp-json\/wp\/v2\/users\/1"}],"replies":[{"embeddable":true,"href":"https:\/\/sprachtherapie-koeln.de\/hoehenberg\/wp-json\/wp\/v2\/comments?post=5"}],"version-history":[{"count":10,"href":"https:\/\/sprachtherapie-koeln.de\/hoehenberg\/wp-json\/wp\/v2\/pages\/5\/revisions"}],"predecessor-version":[{"id":461,"href":"https:\/\/sprachtherapie-koeln.de\/hoehenberg\/wp-json\/wp\/v2\/pages\/5\/revisions\/461"}],"wp:attachment":[{"href":"https:\/\/sprachtherapie-koeln.de\/hoehenberg\/wp-json\/wp\/v2\/media?parent=5"}],"wp:term":[{"taxonomy":"post_tag","embeddable":true,"href":"https:\/\/sprachtherapie-koeln.de\/hoehenberg\/wp-json\/wp\/v2\/tags?post=5"}],"curies":[{"name":"wp","href":"https:\/\/api.w.org\/{rel}","templated":true}]}}