{"id":55,"date":"2017-12-08T13:06:24","date_gmt":"2017-12-08T12:06:24","guid":{"rendered":"https:\/\/wahrnehmungsfoerderung.de\/sprachtherapie-koeln\/?page_id=55"},"modified":"2024-12-06T15:23:58","modified_gmt":"2024-12-06T14:23:58","slug":"team","status":"publish","type":"page","link":"https:\/\/sprachtherapie-koeln.de\/hoehenberg\/team\/","title":{"rendered":"Team"},"content":{"rendered":"<p><img loading=\"lazy\" decoding=\"async\" class=\"size-full wp-image-166 alignleft\" src=\"https:\/\/wahrnehmungsfoerderung.de\/sprachtherapie-koeln\/wp-content\/uploads\/sites\/6\/2017\/12\/UweEnder.jpg\" alt width=\"170\" height=\"241\"><\/p>\n<h2>Dr. Uwe&nbsp;Ender<\/h2>\n<p>Neurolinguist\/Klinischer Linguist (<span class=\"caps\">BKL<\/span>)\/ Akademischer Sprachtherapeut (dbs)<\/p>\n<p><strong>Schwerpunkte:<\/strong><br>\n<strong style=\"font-size: 14px;\">Kindersprache<\/strong><span style=\"font-size: 14px;\"> (verbale Entwicklungsdyspraxie, Dysgrammatismus, schwere phonologisch\/phonetische St\u00f6rungen, St\u00f6rungen der Phonologischen Bewusstheit)<\/span><br>\n<strong style=\"font-size: 14px;\">Neurologische St\u00f6rungen<\/strong><span style=\"font-size: 14px;\"> (Aphasie, <span class=\"caps\">ALS<\/span>, Sprechapraxie)<\/span><br>\n<strong style=\"font-size: 14px;\">Zentral auditive Verarbeitungs- und Wahrnehmungsst\u00f6rung<\/strong><br>\n<strong style=\"font-size: 14px;\">St\u00f6rungen des Schriftspracherwerbs (<span class=\"caps\">LRS<\/span>)<\/strong><\/p>\n<p>&nbsp;<\/p>\n<hr>\n<p><img loading=\"lazy\" decoding=\"async\" class=\"wp-image-87 size-full alignleft\" src=\"https:\/\/wahrnehmungsfoerderung.de\/sprachtherapie-koeln\/wp-content\/uploads\/sites\/6\/2017\/12\/Portraitfotos_Prolog_16b-Stephanie-Becher-1.jpg\" alt width=\"170\" height=\"241\"><\/p>\n<h2>Stephanie Becher<\/h2>\n<p>Staatlich anerkannte Logop\u00e4din\/Fachtherapeutin Unterst\u00fctzte Kommunikation\/Lerntherapeutin<\/p>\n<p><strong>Schwerpunkte:<\/strong><br>\n<strong style=\"font-size: 14px;\">Kindersprache<\/strong><span style=\"font-size: 14px;\"> (verbale Entwicklungsdyspraxie, Dysgrammatismus, schwere phonologisch\/phonetische St\u00f6rungen, St\u00f6rungen der Phonologischen Bewusstheit)<\/span><br>\n<strong style=\"font-size: 14px;\">Neurologische St\u00f6rungen<\/strong><span style=\"font-size: 14px;\"> (Aphasie, <span class=\"caps\">ALS<\/span>) \/&nbsp;<\/span><strong style=\"font-size: 14px;\">St\u00f6rungen des Schriftspracherwerbs (<span class=\"caps\">LRS<\/span>)<br>\n<\/strong><strong style=\"font-size: 14px;\">Unterst\u00fctzte Kommunikation (<span class=\"caps\">UK<\/span>) [Kinder und Erwachsene]<\/strong><\/p>\n<p>&nbsp;<\/p>\n<p>&nbsp;<\/p>\n<hr>\n<p><img loading=\"lazy\" decoding=\"async\" class=\"wp-image-393 alignleft\" src=\"https:\/\/sprachtherapie-koeln.de\/hoehenberg\/wp-content\/uploads\/sites\/6\/2021\/01\/Laura_Web-1.jpg\" alt width=\"173\" height=\"260\" srcset=\"https:\/\/sprachtherapie-koeln.de\/hoehenberg\/wp-content\/uploads\/sites\/6\/2021\/01\/Laura_Web-1.jpg 1382w, https:\/\/sprachtherapie-koeln.de\/hoehenberg\/wp-content\/uploads\/sites\/6\/2021\/01\/Laura_Web-1-200x300.jpg 200w, https:\/\/sprachtherapie-koeln.de\/hoehenberg\/wp-content\/uploads\/sites\/6\/2021\/01\/Laura_Web-1-768x1152.jpg 768w, https:\/\/sprachtherapie-koeln.de\/hoehenberg\/wp-content\/uploads\/sites\/6\/2021\/01\/Laura_Web-1-683x1024.jpg 683w\" sizes=\"auto, (max-width: 173px) 100vw, 173px\"><\/p>\n<h2>Laura Schiffer<\/h2>\n<p>Logop\u00e4din, B. of Science<\/p>\n<p><strong>Schwerpunkte:<br>\n<\/strong><strong style=\"font-size: 14px;\">Kindersprache<\/strong><span style=\"font-size: 14px;\"> (Artikulationstherapie, phonologisch\/phonetische St\u00f6rungen, lexikalisch\/semantische St\u00f6rungen)<br>\n<\/span><strong style=\"font-size: 14px;\">Stottern \/<\/strong><span style=\"font-size: 14px;\">Stimmst\u00f6rungen\/Myofunktionale St\u00f6rungen [<span class=\"caps\">MFS<\/span>] und Craniomandibul\u00e4re Dysfunktion [<span class=\"caps\">CMD<\/span>]<\/span><\/p>\n<p>&nbsp;<\/p>\n<p>&nbsp;<\/p>\n<p>&nbsp;<\/p>\n<hr>\n<p><img loading=\"lazy\" decoding=\"async\" class=\"wp-image-457 size-full alignleft\" src=\"https:\/\/sprachtherapie-koeln.de\/hoehenberg\/wp-content\/uploads\/sites\/6\/2023\/01\/KeinBildVorhandenFrau.png\" alt width=\"180\" height=\"240\"><\/p>\n<h2>Melina Mathis<\/h2>\n<p>Sprachtherapeutin<\/p>\n<p><strong>Schwerpunkte:<\/strong><br>\n<strong style=\"font-size: 14px;\">Kindersprache<\/strong><span style=\"font-size: 14px;\"> (spezifische Sprachentwicklungsst\u00f6rungen)<\/span><br>\n<strong style=\"font-size: 14px;\">Unterst\u00fctzte Kommunikation<\/strong><\/p>\n<p>&nbsp;<\/p>\n<p>&nbsp;<\/p>\n<p>&nbsp;<\/p>\n<hr>\n<p><img loading=\"lazy\" decoding=\"async\" class=\"wp-image-434 alignleft\" src=\"https:\/\/sprachtherapie-koeln.de\/hoehenberg\/wp-content\/uploads\/sites\/6\/2021\/03\/Katharina-Sch\u00f6llnhammer_Web.jpg\" alt width=\"173\" height=\"260\" srcset=\"https:\/\/sprachtherapie-koeln.de\/hoehenberg\/wp-content\/uploads\/sites\/6\/2021\/03\/Katharina-Sch\u00f6llnhammer_Web.jpg 691w, https:\/\/sprachtherapie-koeln.de\/hoehenberg\/wp-content\/uploads\/sites\/6\/2021\/03\/Katharina-Sch\u00f6llnhammer_Web-200x300.jpg 200w, https:\/\/sprachtherapie-koeln.de\/hoehenberg\/wp-content\/uploads\/sites\/6\/2021\/03\/Katharina-Sch\u00f6llnhammer_Web-682x1024.jpg 682w\" sizes=\"auto, (max-width: 173px) 100vw, 173px\"><\/p>\n<h2>Katharina Sch\u00f6llnhammer<\/h2>\n<p>Dipl.-Sprachheilp\u00e4dagogin, Akademische Sprachtherapeutin<\/p>\n<p><strong>Schwerpunkte:<br>\n<\/strong><strong style=\"font-size: 14px;\">Kindersprache<\/strong><span style=\"font-size: 14px;\"> (Spezifische Sprachentwicklungsst\u00f6rungen,<br>\nSprachtherapie bei Lern- und geistiger Behinderung)<br>\n<\/span><strong style=\"font-size: 14px;\">Stimmst\u00f6rungen \/&nbsp;<\/strong><strong style=\"font-size: 14px;\">St\u00f6rungen des Lese- und Schreiberwerbs (<span class=\"caps\">LRS<\/span>)<br>\n<\/strong><strong style=\"font-size: 14px;\">Neurologische St\u00f6rungen (Aphasie, Dysarthrie)<br>\n<\/strong><strong style=\"font-size: 14px;\">Schluckst\u00f6rungen [Dysphagie]<\/strong><\/p>\n<p>&nbsp;<\/p>\n<hr>\n<h2><img loading=\"lazy\" decoding=\"async\" class=\"wp-image-404 alignleft\" src=\"https:\/\/sprachtherapie-koeln.de\/hoehenberg\/wp-content\/uploads\/sites\/6\/2021\/01\/Toni_Web.jpg\" alt width=\"169\" height=\"254\" srcset=\"https:\/\/sprachtherapie-koeln.de\/hoehenberg\/wp-content\/uploads\/sites\/6\/2021\/01\/Toni_Web.jpg 1037w, https:\/\/sprachtherapie-koeln.de\/hoehenberg\/wp-content\/uploads\/sites\/6\/2021\/01\/Toni_Web-200x300.jpg 200w, https:\/\/sprachtherapie-koeln.de\/hoehenberg\/wp-content\/uploads\/sites\/6\/2021\/01\/Toni_Web-768x1152.jpg 768w, https:\/\/sprachtherapie-koeln.de\/hoehenberg\/wp-content\/uploads\/sites\/6\/2021\/01\/Toni_Web-682x1024.jpg 682w\" sizes=\"auto, (max-width: 169px) 100vw, 169px\"><\/h2>\n<h2>Antonia Lohmeyer<\/h2>\n<p>Logop\u00e4din B. of Health\/Sprechwissenschaftlerin, M.A.<\/p>\n<p><strong>Schwerpunkte:<br>\n<\/strong><strong>Kindersprache<\/strong>&nbsp;(phonologisch\/phonetische St\u00f6rungen, lexikalisch\/semantische St\u00f6rungen, Konzept \u201eFr\u00fches Lesen\u201c zur Sprachanbahnung (z.B. bei Trisomie 21), Sprachtherapie bei Lern- und geistiger Behinderung)<br>\n<strong>Stimmst\u00f6rungen\/<\/strong><strong>Stottern\/<\/strong><strong>Neurologische St\u00f6rungen\/<\/strong><strong>St\u00f6rungen des Schriftspracherwerbs [<span class=\"caps\">LRS<\/span>]<\/strong><\/p>\n<p>&nbsp;<\/p>\n<hr>\n<h2><img loading=\"lazy\" decoding=\"async\" class=\"wp-image-428 alignleft\" src=\"https:\/\/sprachtherapie-koeln.de\/hoehenberg\/wp-content\/uploads\/sites\/6\/2021\/03\/Milena_Web.jpg\" alt width=\"177\" height=\"266\" srcset=\"https:\/\/sprachtherapie-koeln.de\/hoehenberg\/wp-content\/uploads\/sites\/6\/2021\/03\/Milena_Web.jpg 864w, https:\/\/sprachtherapie-koeln.de\/hoehenberg\/wp-content\/uploads\/sites\/6\/2021\/03\/Milena_Web-200x300.jpg 200w, https:\/\/sprachtherapie-koeln.de\/hoehenberg\/wp-content\/uploads\/sites\/6\/2021\/03\/Milena_Web-768x1152.jpg 768w, https:\/\/sprachtherapie-koeln.de\/hoehenberg\/wp-content\/uploads\/sites\/6\/2021\/03\/Milena_Web-683x1024.jpg 683w\" sizes=\"auto, (max-width: 177px) 100vw, 177px\"><\/h2>\n<h2>Milena Ma\u00dfon<\/h2>\n<p>Sprachtherapeutin B. of&nbsp;Arts<\/p>\n<p><strong>Schwerpunkte:<br>\n<\/strong><strong>Kindersprache<\/strong>&nbsp;(phonologisch\/phonetische St\u00f6rungen, lexikalisch\/semantische St\u00f6rungen, syntaktisch\/morphologische St\u00f6rungen [Dysgrammatismus])<br>\n<strong>Stimmst\u00f6rungen<br>\n<\/strong><strong>Neurologische St\u00f6rungen <\/strong>(Aphasie, Dysarthrie, Dysartrophonie)<\/p>\n<p>&nbsp;<\/p>\n<hr>\n<p>&nbsp;<\/p>\n","protected":false},"excerpt":{"rendered":"<p>Dr. Uwe&nbsp;Ender Neurolinguist\/Klinischer Linguist (<span class=\"caps\">BKL<\/span>)\/ Akademischer Sprachtherapeut (dbs) Schwerpunkte: Kindersprache (verbale Entwicklungsdyspraxie, Dysgrammatismus, schwere phonologisch\/phonetische St\u00f6rungen, St\u00f6rungen der Phonologischen Bewusstheit) Neurologische St\u00f6rungen (Aphasie, <span class=\"caps\">ALS<\/span>, Sprechapraxie) Zentral auditive Verarbeitungs- und Wahrnehmungsst\u00f6rung St\u00f6rungen des Schriftspracherwerbs (<span class=\"caps\">LRS<\/span>) &nbsp; Stephanie Becher Staatlich anerkannte Logop\u00e4din\/Fachtherapeutin<\/p>\n","protected":false},"author":1,"featured_media":0,"parent":0,"menu_order":0,"comment_status":"closed","ping_status":"closed","template":"","meta":{"wp_typography_post_enhancements_disabled":false,"footnotes":""},"tags":[],"class_list":["post-55","page","type-page","status-publish","hentry"],"_links":{"self":[{"href":"https:\/\/sprachtherapie-koeln.de\/hoehenberg\/wp-json\/wp\/v2\/pages\/55","targetHints":{"allow":["GET"]}}],"collection":[{"href":"https:\/\/sprachtherapie-koeln.de\/hoehenberg\/wp-json\/wp\/v2\/pages"}],"about":[{"href":"https:\/\/sprachtherapie-koeln.de\/hoehenberg\/wp-json\/wp\/v2\/types\/page"}],"author":[{"embeddable":true,"href":"https:\/\/sprachtherapie-koeln.de\/hoehenberg\/wp-json\/wp\/v2\/users\/1"}],"replies":[{"embeddable":true,"href":"https:\/\/sprachtherapie-koeln.de\/hoehenberg\/wp-json\/wp\/v2\/comments?post=55"}],"version-history":[{"count":10,"href":"https:\/\/sprachtherapie-koeln.de\/hoehenberg\/wp-json\/wp\/v2\/pages\/55\/revisions"}],"predecessor-version":[{"id":411,"href":"https:\/\/sprachtherapie-koeln.de\/hoehenberg\/wp-json\/wp\/v2\/pages\/55\/revisions\/411"}],"wp:attachment":[{"href":"https:\/\/sprachtherapie-koeln.de\/hoehenberg\/wp-json\/wp\/v2\/media?parent=55"}],"wp:term":[{"taxonomy":"post_tag","embeddable":true,"href":"https:\/\/sprachtherapie-koeln.de\/hoehenberg\/wp-json\/wp\/v2\/tags?post=55"}],"curies":[{"name":"wp","href":"https:\/\/api.w.org\/{rel}","templated":true}]}}