{"id":219,"date":"2018-02-21T14:48:36","date_gmt":"2018-02-21T13:48:36","guid":{"rendered":"https:\/\/sprachtherapie-koeln.de\/rodenkirchen\/?page_id=219"},"modified":"2025-07-14T15:26:02","modified_gmt":"2025-07-14T13:26:02","slug":"team","status":"publish","type":"page","link":"https:\/\/sprachtherapie-koeln.de\/rodenkirchen\/team\/","title":{"rendered":"Team"},"content":{"rendered":"<section id=\"spacious_service_widget-5\" class=\"widget widget_service_block clearfix\" title=\"Shift-Klick, um dieses Widget zu bearbeiten.\" data-customize-partial-id=\"widget[spacious_service_widget-5]\" data-customize-partial-type=\"widget\" data-customize-partial-placement-context=\"{&quot;sidebar_id&quot;:&quot;spacious_business_page_top_section_sidebar&quot;,&quot;sidebar_instance_number&quot;:1}\" data-customize-widget-id=\"spacious_service_widget-5\">\n<div class=\"tg-one-third\">\n<div class=\"service-image\"><div class=\"ich-prefix grid-rel\">\n    <div class=\"grid grid-pad wcp-fgg-wrap  ich-main-950\">\n                    <div class=\"mason-item col-1-1\" id=\"ich-408-0\">\n                <div class=\"wcp-caption-plugin \" ontouchstart id=\"wcp-widget-408-0\">\n                    <div class=\"image-caption-box\">\n                <div class=\"caption zoom-caption-in-image-out\">\n                    <div class=\"as-tble\">\n                                    <div class=\"centered-text\">\n                <p><strong>Meine Schwerpunkte: <\/strong><\/p><p>Sprachentwicklungs-<br> st\u00f6rungen, Late Talker,<br> Stimmst\u00f6rungen,<br> Schriftspracherwerbs-<br> st\u00f6rungen, Dyskalkulie und selektiver Mutismus<\/p>            <\/div>\n                            <\/div>\n                <\/div>\n                <img decoding=\"async\" class=\"wcp-caption-image\" src=\"https:\/\/sprachtherapie-koeln.de\/rodenkirchen\/wp-content\/uploads\/sites\/9\/2018\/01\/agnes.jpg\" title=\"Agnes Molnar\" alt>\n            <\/div>\n\n        <\/div>    <style>\n                    #ich-408-0 {\n                padding-right: 10px;\n                padding-bottom: 10px;\n            }\n                #ich-408-0 .wcp-caption-plugin {\n            border-width: ;\n            border-style: ;\n            border-color: ;\n            border-radius: ;\n            box-shadow: ;\n            width: 100%;\n            height: auto;\n            margin: 0;\n        }\n        #ich-408-0 .caption {\n            border-radius: ;\n            background-color: #deedf7;\n            color: #000000 !important;\n            -webkit-transition-duration: ; \/* Safari *\/\n            transition-duration: ;\n            height: 100%;\n            top: ;\n            bottom: ;\n        }\n        #ich-408-0 .caption .centered-text {\n            text-align: auto;\n        }\n        #ich-408-0 .caption .centered-text * {\n            color: #000000 !important;\n        }\n        #ich-408-0 .wcp-caption-image {\n            -webkit-transition-duration: ;\n            transition-duration: ;\n            border-radius: ;\n            height: ;\n            width: ;\n        }\n    <\/style>                \n            <\/div>\n            <\/div>\n<\/div>\n<style>\n    .ich-main-950 {\n        padding-top: 10px;padding-left: 10px;padding-right: 0px;    }\n<\/style>\n<div class=\"clearfix\"><\/div>\n\n<\/div>\n<h3 class=\"widget-title\"><strong>Agnes Molnar<\/strong><\/h3>\n<p style=\"font-size: 12px;\">staatl. anerk. Logop\u00e4din, integrative Lerntherapeutin, FiL, familylab-Familienberaterin<\/p>\n<\/div>\n<div class=\"tg-one-third\">\n<div class=\"service-image\"><div class=\"ich-prefix grid-rel\">\n    <div class=\"grid grid-pad wcp-fgg-wrap  ich-main-1867\">\n                    <div class=\"mason-item col-1-1\" id=\"ich-402-0\">\n                <div class=\"wcp-caption-plugin \" ontouchstart id=\"wcp-widget-402-0\">\n                    <div class=\"image-caption-box\">\n                <div class=\"caption zoom-caption-in-image-out\">\n                    <div class=\"as-tble\">\n                                    <div class=\"centered-text\">\n                <p><strong>Meine Schwerpunkte:<\/strong><\/p>\n<p>Sprachentwicklungs-\nst\u00f6rungen, kindliche Aussprachest\u00f6rungen, myofunktionelle St\u00f6rungen<\/p>            <\/div>\n                            <\/div>\n                <\/div>\n                <img decoding=\"async\" class=\"wcp-caption-image\" src=\"https:\/\/sprachtherapie-koeln.de\/rodenkirchen\/wp-content\/uploads\/sites\/9\/2025\/07\/Anika-Bettinger-1-scaled.jpg\" title=\"Anika Bettinger\" alt>\n            <\/div>\n\n        <\/div>    <style>\n                    #ich-402-0 {\n                padding-right: 10px;\n                padding-bottom: 10px;\n            }\n                #ich-402-0 .wcp-caption-plugin {\n            border-width: ;\n            border-style: ;\n            border-color: ;\n            border-radius: ;\n            box-shadow: ;\n            width: 100%;\n            height: auto;\n            margin: 0;\n        }\n        #ich-402-0 .caption {\n            border-radius: ;\n            background-color: #deedf7;\n            color: #000000 !important;\n            -webkit-transition-duration: ; \/* Safari *\/\n            transition-duration: ;\n            height: 100%;\n            top: ;\n            bottom: ;\n        }\n        #ich-402-0 .caption .centered-text {\n            text-align: auto;\n        }\n        #ich-402-0 .caption .centered-text * {\n            color: #000000 !important;\n        }\n        #ich-402-0 .wcp-caption-image {\n            -webkit-transition-duration: ;\n            transition-duration: ;\n            border-radius: ;\n            height: ;\n            width: ;\n        }\n    <\/style>                \n            <\/div>\n            <\/div>\n<\/div>\n<style>\n    .ich-main-1867 {\n        padding-top: 10px;padding-left: 10px;padding-right: 0px;    }\n<\/style>\n<div class=\"clearfix\"><\/div>\n\n<\/div>\n<h3 class=\"widget-title\"><strong>Anika Bettinger<\/strong><\/h3>\n<p style=\"font-size: 12px;\">Bachelor of Arts (<span class=\"caps\">VSLT<\/span>)<\/p>\n<p style=\"font-size: 12px;\">studentische Aushilfe<\/p>\n<\/div>\n<div class=\"tg-one-third\">\n<div class=\"service-image\"><div class=\"ich-prefix grid-rel\">\n    <div class=\"grid grid-pad wcp-fgg-wrap  ich-main-89\">\n                    <div class=\"mason-item col-1-1\" id=\"ich-405-0\">\n                <div class=\"wcp-caption-plugin \" ontouchstart id=\"wcp-widget-405-0\">\n                    <div class=\"image-caption-box\">\n                <div class=\"caption zoom-caption-in-image-out\">\n                    <div class=\"as-tble\">\n                                    <div class=\"centered-text\">\n                <p><strong>Meine Schwerpunkte:<\/strong><\/p>\n<p>Sprachentwicklungs-\nst\u00f6rungen, kindliche Aussprachest\u00f6rungen, myofunktionelle St\u00f6rungen<\/p>            <\/div>\n                            <\/div>\n                <\/div>\n                <img decoding=\"async\" class=\"wcp-caption-image\" src=\"https:\/\/sprachtherapie-koeln.de\/rodenkirchen\/wp-content\/uploads\/sites\/9\/2025\/07\/Sina-Reeker-scaled.jpg\" title=\"Sina Reeker\" alt>\n            <\/div>\n\n        <\/div>    <style>\n                    #ich-405-0 {\n                padding-right: 10px;\n                padding-bottom: 10px;\n            }\n                #ich-405-0 .wcp-caption-plugin {\n            border-width: ;\n            border-style: ;\n            border-color: ;\n            border-radius: ;\n            box-shadow: ;\n            width: 100%;\n            height: auto;\n            margin: 0;\n        }\n        #ich-405-0 .caption {\n            border-radius: ;\n            background-color: #deedf7;\n            color: #000000 !important;\n            -webkit-transition-duration: ; \/* Safari *\/\n            transition-duration: ;\n            height: 100%;\n            top: ;\n            bottom: ;\n        }\n        #ich-405-0 .caption .centered-text {\n            text-align: auto;\n        }\n        #ich-405-0 .caption .centered-text * {\n            color: #000000 !important;\n        }\n        #ich-405-0 .wcp-caption-image {\n            -webkit-transition-duration: ;\n            transition-duration: ;\n            border-radius: ;\n            height: ;\n            width: ;\n        }\n    <\/style>                \n            <\/div>\n            <\/div>\n<\/div>\n<style>\n    .ich-main-89 {\n        padding-top: 10px;padding-left: 10px;padding-right: 0px;    }\n<\/style>\n<div class=\"clearfix\"><\/div>\n\n<\/div>\n<h3 class=\"widget-title\"><strong>Sina Reeker<\/strong><\/h3>\n<p style=\"font-size: 12px;\">Sprachtherapeutin B.A<\/p>\n<\/div>\n<p>&nbsp;<\/p>\n<\/section>\n","protected":false},"excerpt":{"rendered":"<p>Agnes Molnar staatl. anerk. Logop\u00e4din, integrative Lerntherapeutin, FiL, familylab-Familienberaterin Anika Bettinger Bachelor of Arts (<span class=\"caps\">VSLT<\/span>) studentische Aushilfe Sina Reeker Sprachtherapeutin B.A &nbsp;<\/p>\n","protected":false},"author":1,"featured_media":0,"parent":0,"menu_order":0,"comment_status":"closed","ping_status":"closed","template":"","meta":{"wp_typography_post_enhancements_disabled":false,"footnotes":""},"tags":[],"class_list":["post-219","page","type-page","status-publish","hentry"],"_links":{"self":[{"href":"https:\/\/sprachtherapie-koeln.de\/rodenkirchen\/wp-json\/wp\/v2\/pages\/219","targetHints":{"allow":["GET"]}}],"collection":[{"href":"https:\/\/sprachtherapie-koeln.de\/rodenkirchen\/wp-json\/wp\/v2\/pages"}],"about":[{"href":"https:\/\/sprachtherapie-koeln.de\/rodenkirchen\/wp-json\/wp\/v2\/types\/page"}],"author":[{"embeddable":true,"href":"https:\/\/sprachtherapie-koeln.de\/rodenkirchen\/wp-json\/wp\/v2\/users\/1"}],"replies":[{"embeddable":true,"href":"https:\/\/sprachtherapie-koeln.de\/rodenkirchen\/wp-json\/wp\/v2\/comments?post=219"}],"version-history":[{"count":10,"href":"https:\/\/sprachtherapie-koeln.de\/rodenkirchen\/wp-json\/wp\/v2\/pages\/219\/revisions"}],"predecessor-version":[{"id":399,"href":"https:\/\/sprachtherapie-koeln.de\/rodenkirchen\/wp-json\/wp\/v2\/pages\/219\/revisions\/399"}],"wp:attachment":[{"href":"https:\/\/sprachtherapie-koeln.de\/rodenkirchen\/wp-json\/wp\/v2\/media?parent=219"}],"wp:term":[{"taxonomy":"post_tag","embeddable":true,"href":"https:\/\/sprachtherapie-koeln.de\/rodenkirchen\/wp-json\/wp\/v2\/tags?post=219"}],"curies":[{"name":"wp","href":"https:\/\/api.w.org\/{rel}","templated":true}]}}