{"id":36,"date":"2018-01-26T13:19:45","date_gmt":"2018-01-26T12:19:45","guid":{"rendered":"https:\/\/wahrnehmungsfoerderung.de\/sprachtherapie-rodenkirchen\/?page_id=36"},"modified":"2018-04-06T12:29:37","modified_gmt":"2018-04-06T10:29:37","slug":"praxis","status":"publish","type":"page","link":"https:\/\/sprachtherapie-koeln.de\/rodenkirchen\/praxis\/","title":{"rendered":"Praxis"},"content":{"rendered":"<p>Unsere Praxis liegt im Zentrum von Rodenkirchen, unmittelbar angrenzend an den Maternusplatz.<\/p>\n<p>In unserem Team hochqualifizierter Logop\u00e4dinnen und Sprachtherapeutinnen finden Sie f\u00fcr jede Problematik mindestens eine spezialisierte Kollegin, die Ihnen bei der Diagnose, Kl\u00e4rung und Beratung sowie vor allem bei der darauf folgenden Therapie zur Verf\u00fcgung steht.<\/p>\n<p>Bei uns stehen die Patienten\/Klienten und ihre Angeh\u00f6rigen im Mittelpunkt. Durch unsere Zusammenarbeit mit einer K\u00f6lner Fachschule f\u00fcr Logop\u00e4die sind wir zudem in die Qualit\u00e4tssicherung bei der Ausbildung zuk\u00fcnftiger Kolleginnen integriert. Eine sehr enge und fruchtbare Zusammenarbeit findet mit dem F\u00f6rderinstitut ProLog statt, das sich auf die Diagnose und Behandlung bei Legasthenie (Lese-Rechtschreibschw\u00e4che) und Dyskalkulie (Rechenschw\u00e4che) konzentriert.<\/p>\n<p>Wir arbeiten in praxiseigenen R\u00e4umen sowie im Rahmen von Hausbesuchen und in kooperierenden Institutionen f\u00fcr Kinder, Jugendliche und Senioren. Ausf\u00fchrliche Informationen \u00fcber einzelne Behandlungsfelder und die Zusammenarbeit mit einer logop\u00e4dischen Praxis entnehmen Sie bitte dieser Website.<\/p>\n","protected":false},"excerpt":{"rendered":"<p>Unsere Praxis liegt im Zentrum von Rodenkirchen, unmittelbar angrenzend an den Maternusplatz. In unserem Team hochqualifizierter Logop\u00e4dinnen und Sprachtherapeutinnen finden Sie f\u00fcr jede Problematik mindestens eine spezialisierte Kollegin, die Ihnen bei der Diagnose, Kl\u00e4rung und Beratung sowie vor allem&nbsp;bei<\/p>\n","protected":false},"author":1,"featured_media":0,"parent":0,"menu_order":0,"comment_status":"closed","ping_status":"closed","template":"","meta":{"wp_typography_post_enhancements_disabled":false,"footnotes":""},"tags":[3,4,5,6,7],"class_list":["post-36","page","type-page","status-publish","hentry","tag-behandlung","tag-beratung","tag-diagnose","tag-dyskalkulie","tag-legasthenie"],"_links":{"self":[{"href":"https:\/\/sprachtherapie-koeln.de\/rodenkirchen\/wp-json\/wp\/v2\/pages\/36","targetHints":{"allow":["GET"]}}],"collection":[{"href":"https:\/\/sprachtherapie-koeln.de\/rodenkirchen\/wp-json\/wp\/v2\/pages"}],"about":[{"href":"https:\/\/sprachtherapie-koeln.de\/rodenkirchen\/wp-json\/wp\/v2\/types\/page"}],"author":[{"embeddable":true,"href":"https:\/\/sprachtherapie-koeln.de\/rodenkirchen\/wp-json\/wp\/v2\/users\/1"}],"replies":[{"embeddable":true,"href":"https:\/\/sprachtherapie-koeln.de\/rodenkirchen\/wp-json\/wp\/v2\/comments?post=36"}],"version-history":[{"count":4,"href":"https:\/\/sprachtherapie-koeln.de\/rodenkirchen\/wp-json\/wp\/v2\/pages\/36\/revisions"}],"predecessor-version":[{"id":72,"href":"https:\/\/sprachtherapie-koeln.de\/rodenkirchen\/wp-json\/wp\/v2\/pages\/36\/revisions\/72"}],"wp:attachment":[{"href":"https:\/\/sprachtherapie-koeln.de\/rodenkirchen\/wp-json\/wp\/v2\/media?parent=36"}],"wp:term":[{"taxonomy":"post_tag","embeddable":true,"href":"https:\/\/sprachtherapie-koeln.de\/rodenkirchen\/wp-json\/wp\/v2\/tags?post=36"}],"curies":[{"name":"wp","href":"https:\/\/api.w.org\/{rel}","templated":true}]}}