{"id":40,"date":"2018-01-26T13:20:10","date_gmt":"2018-01-26T12:20:10","guid":{"rendered":"https:\/\/wahrnehmungsfoerderung.de\/sprachtherapie-rodenkirchen\/?page_id=40"},"modified":"2018-04-06T12:37:40","modified_gmt":"2018-04-06T10:37:40","slug":"kooperationen","status":"publish","type":"page","link":"https:\/\/sprachtherapie-koeln.de\/rodenkirchen\/kooperationen\/","title":{"rendered":"Kooperationen"},"content":{"rendered":"<p>Unsere Kooperationspartner:<\/p>\n<ul>\n<li><a href=\"https:\/\/foerderinstitut-koeln.de\" target=\"_blank\" rel=\"noopener\">F\u00f6rderinstitut ProLog <span class=\"caps\">WISSEN<\/span><\/a><\/li>\n<li><a href=\"https:\/\/sprachtherapie-koeln.de\/hoehenberg\/\" target=\"_blank\" rel=\"noopener\">Praxis f\u00fcr Sprachtherapie Dr. Uwe&nbsp;Ender<\/a><\/li>\n<li><a href=\"https:\/\/www.prolog-shop.de\/\">ProLog <span class=\"caps\">WISSEN<\/span> GmbH, Seminare f\u00fcr Sprachtherapeuten<\/a><\/li>\n<\/ul>\n<p>\u00dcber diese intensiven Kooperationen hinaus, arbeiten wir mit vielen niedergelassenen \u00c4rzten (Haus\u00e4rzten, Kinder\u00e4rzten, HNO-\u00c4rzten, Neurologen etc.) zusammen.<\/p>\n","protected":false},"excerpt":{"rendered":"<p>Unsere Kooperationspartner: F\u00f6rderinstitut ProLog <span class=\"caps\">WISSEN<\/span> Praxis f\u00fcr Sprachtherapie Dr. Uwe&nbsp;Ender ProLog <span class=\"caps\">WISSEN<\/span> GmbH, Seminare f\u00fcr Sprachtherapeuten \u00dcber diese intensiven Kooperationen hinaus, arbeiten wir mit vielen niedergelassenen \u00c4rzten (Haus\u00e4rzten, Kinder\u00e4rzten, HNO-\u00c4rzten, Neurologen etc.) zusammen.<\/p>\n","protected":false},"author":1,"featured_media":0,"parent":0,"menu_order":0,"comment_status":"closed","ping_status":"closed","template":"","meta":{"wp_typography_post_enhancements_disabled":false,"footnotes":""},"tags":[],"class_list":["post-40","page","type-page","status-publish","hentry"],"_links":{"self":[{"href":"https:\/\/sprachtherapie-koeln.de\/rodenkirchen\/wp-json\/wp\/v2\/pages\/40","targetHints":{"allow":["GET"]}}],"collection":[{"href":"https:\/\/sprachtherapie-koeln.de\/rodenkirchen\/wp-json\/wp\/v2\/pages"}],"about":[{"href":"https:\/\/sprachtherapie-koeln.de\/rodenkirchen\/wp-json\/wp\/v2\/types\/page"}],"author":[{"embeddable":true,"href":"https:\/\/sprachtherapie-koeln.de\/rodenkirchen\/wp-json\/wp\/v2\/users\/1"}],"replies":[{"embeddable":true,"href":"https:\/\/sprachtherapie-koeln.de\/rodenkirchen\/wp-json\/wp\/v2\/comments?post=40"}],"version-history":[{"count":5,"href":"https:\/\/sprachtherapie-koeln.de\/rodenkirchen\/wp-json\/wp\/v2\/pages\/40\/revisions"}],"predecessor-version":[{"id":230,"href":"https:\/\/sprachtherapie-koeln.de\/rodenkirchen\/wp-json\/wp\/v2\/pages\/40\/revisions\/230"}],"wp:attachment":[{"href":"https:\/\/sprachtherapie-koeln.de\/rodenkirchen\/wp-json\/wp\/v2\/media?parent=40"}],"wp:term":[{"taxonomy":"post_tag","embeddable":true,"href":"https:\/\/sprachtherapie-koeln.de\/rodenkirchen\/wp-json\/wp\/v2\/tags?post=40"}],"curies":[{"name":"wp","href":"https:\/\/api.w.org\/{rel}","templated":true}]}}