{"id":59,"date":"2018-01-26T13:51:24","date_gmt":"2018-01-26T12:51:24","guid":{"rendered":"https:\/\/wahrnehmungsfoerderung.de\/sprachtherapie-rodenkirchen\/?page_id=59"},"modified":"2022-07-30T13:39:31","modified_gmt":"2022-07-30T11:39:31","slug":"raeumlichkeiten","status":"publish","type":"page","link":"https:\/\/sprachtherapie-koeln.de\/rodenkirchen\/raeumlichkeiten\/","title":{"rendered":"R\u00e4umlichkeiten"},"content":{"rendered":"<p><strong>R\u00e4umlichkeiten<\/strong><\/p>\n<p>&nbsp;<\/p>\n<p>Unsere gro\u00dfz\u00fcgigen und modernen R\u00e4umlichkeiten sind zentral zum Bahnhof Rodenkirchen sowie dem Busterminal gelegen und sind deshalb mit \u00f6ffentlichen Verkehrsmitteln gut erreichbar.<\/p>\n<p>Drei praxiseigene Parkpl\u00e4tze sind vor der T\u00fcr je nach Verf\u00fcgbarkeit vorhanden.<\/p>\n<p>Die Praxis liegt im Erdgeschoss und ist barrierefrei zu erreichen.<\/p>\n<p>Wir freuen uns, Sie in unseren hellen und freundlichen R\u00e4umen begr\u00fc\u00dfen zu d\u00fcrfen.<\/p>\n","protected":false},"excerpt":{"rendered":"<p>R\u00e4umlichkeiten &nbsp; Unsere gro\u00dfz\u00fcgigen und modernen R\u00e4umlichkeiten sind zentral zum Bahnhof Rodenkirchen sowie dem Busterminal gelegen und sind deshalb mit \u00f6ffentlichen Verkehrsmitteln gut erreichbar. Drei praxiseigene Parkpl\u00e4tze sind vor der T\u00fcr je nach Verf\u00fcgbarkeit vorhanden. Die Praxis liegt im Erdgeschoss<\/p>\n","protected":false},"author":1,"featured_media":0,"parent":0,"menu_order":0,"comment_status":"closed","ping_status":"closed","template":"","meta":{"wp_typography_post_enhancements_disabled":false,"footnotes":""},"tags":[],"class_list":["post-59","page","type-page","status-publish","hentry"],"_links":{"self":[{"href":"https:\/\/sprachtherapie-koeln.de\/rodenkirchen\/wp-json\/wp\/v2\/pages\/59","targetHints":{"allow":["GET"]}}],"collection":[{"href":"https:\/\/sprachtherapie-koeln.de\/rodenkirchen\/wp-json\/wp\/v2\/pages"}],"about":[{"href":"https:\/\/sprachtherapie-koeln.de\/rodenkirchen\/wp-json\/wp\/v2\/types\/page"}],"author":[{"embeddable":true,"href":"https:\/\/sprachtherapie-koeln.de\/rodenkirchen\/wp-json\/wp\/v2\/users\/1"}],"replies":[{"embeddable":true,"href":"https:\/\/sprachtherapie-koeln.de\/rodenkirchen\/wp-json\/wp\/v2\/comments?post=59"}],"version-history":[{"count":4,"href":"https:\/\/sprachtherapie-koeln.de\/rodenkirchen\/wp-json\/wp\/v2\/pages\/59\/revisions"}],"predecessor-version":[{"id":357,"href":"https:\/\/sprachtherapie-koeln.de\/rodenkirchen\/wp-json\/wp\/v2\/pages\/59\/revisions\/357"}],"wp:attachment":[{"href":"https:\/\/sprachtherapie-koeln.de\/rodenkirchen\/wp-json\/wp\/v2\/media?parent=59"}],"wp:term":[{"taxonomy":"post_tag","embeddable":true,"href":"https:\/\/sprachtherapie-koeln.de\/rodenkirchen\/wp-json\/wp\/v2\/tags?post=59"}],"curies":[{"name":"wp","href":"https:\/\/api.w.org\/{rel}","templated":true}]}}