{"id":6,"date":"2018-01-26T12:43:05","date_gmt":"2018-01-26T11:43:05","guid":{"rendered":"https:\/\/wahrnehmungsfoerderung.de\/sprachtherapie-rodenkirchen\/?page_id=6"},"modified":"2023-01-23T10:58:38","modified_gmt":"2023-01-23T09:58:38","slug":"startseite","status":"publish","type":"page","link":"https:\/\/sprachtherapie-koeln.de\/rodenkirchen\/","title":{"rendered":"Startseite"},"content":{"rendered":"<p>&nbsp;<\/p>\n<p>Hat Ihr Kind eine sprachliche Entwicklungsverz\u00f6gerung oder \u2013st\u00f6rung? Liegen Probleme beim Erlernen von Schreib- und Lesef\u00e4higkeiten vor? Haben Sie als Jugendlicher oder Erwachsener Probleme mit Ihrer Stimme, dem Sprechen, der Sprache oder gar dem Schlucken?<\/p>\n<p>Qualifizierte Sprachtherapeutinnen\/Logop\u00e4dinnen und Sprachtherapeuten\/Logop\u00e4den versorgen Sie und Ihre Angeh\u00f6rigen und Freunde individuell beiderseits des Rheins in zwei miteinander befreundeten Praxen sowie mit Hausbesuchen bzw. in Institutionen.<\/p>\n<p>&nbsp;<\/p>\n<p><em><strong>Wir sch\u00fctzen Sie und uns und arbeiten immer mit Mund-Nasen-Schutz und Plexiglastrennwand. W\u00e4hrend und nach jeder Therapiesitzung wird gel\u00fcftet. H\u00e4ufig benutzte Oberfl\u00e4chen werden nach jeder Sitzung desinfiziert.<\/strong><\/em><\/p>\n<p><em><strong>Auch Online-Therapien (per Video) sind zur Zeit m\u00f6glich.<\/strong><\/em><\/p>\n<p>&nbsp;<\/p>\n<p><em><strong>Ihr Team der Praxis f\u00fcr Logop\u00e4die<\/strong><\/em><\/p>\n","protected":false},"excerpt":{"rendered":"<p>&nbsp; Hat Ihr Kind eine sprachliche Entwicklungsverz\u00f6gerung oder \u2013st\u00f6rung? Liegen Probleme beim Erlernen von Schreib- und Lesef\u00e4higkeiten vor? Haben Sie als Jugendlicher oder Erwachsener Probleme mit Ihrer Stimme, dem Sprechen, der Sprache oder gar dem Schlucken? Qualifizierte Sprachtherapeutinnen\/Logop\u00e4dinnen und Sprachtherapeuten\/Logop\u00e4den<\/p>\n","protected":false},"author":1,"featured_media":0,"parent":0,"menu_order":0,"comment_status":"closed","ping_status":"closed","template":"","meta":{"wp_typography_post_enhancements_disabled":false,"footnotes":""},"tags":[30,31,32],"class_list":["post-6","page","type-page","status-publish","hentry","tag-lesefaehigkeiten","tag-schreibfaehigkeiten","tag-stimme"],"_links":{"self":[{"href":"https:\/\/sprachtherapie-koeln.de\/rodenkirchen\/wp-json\/wp\/v2\/pages\/6","targetHints":{"allow":["GET"]}}],"collection":[{"href":"https:\/\/sprachtherapie-koeln.de\/rodenkirchen\/wp-json\/wp\/v2\/pages"}],"about":[{"href":"https:\/\/sprachtherapie-koeln.de\/rodenkirchen\/wp-json\/wp\/v2\/types\/page"}],"author":[{"embeddable":true,"href":"https:\/\/sprachtherapie-koeln.de\/rodenkirchen\/wp-json\/wp\/v2\/users\/1"}],"replies":[{"embeddable":true,"href":"https:\/\/sprachtherapie-koeln.de\/rodenkirchen\/wp-json\/wp\/v2\/comments?post=6"}],"version-history":[{"count":8,"href":"https:\/\/sprachtherapie-koeln.de\/rodenkirchen\/wp-json\/wp\/v2\/pages\/6\/revisions"}],"predecessor-version":[{"id":366,"href":"https:\/\/sprachtherapie-koeln.de\/rodenkirchen\/wp-json\/wp\/v2\/pages\/6\/revisions\/366"}],"wp:attachment":[{"href":"https:\/\/sprachtherapie-koeln.de\/rodenkirchen\/wp-json\/wp\/v2\/media?parent=6"}],"wp:term":[{"taxonomy":"post_tag","embeddable":true,"href":"https:\/\/sprachtherapie-koeln.de\/rodenkirchen\/wp-json\/wp\/v2\/tags?post=6"}],"curies":[{"name":"wp","href":"https:\/\/api.w.org\/{rel}","templated":true}]}}